{"id":104,"date":"2013-12-06T09:16:17","date_gmt":"2013-12-06T08:16:17","guid":{"rendered":"http:\/\/www.eoiestepa.es\/?page_id=104"},"modified":"2021-03-29T12:32:29","modified_gmt":"2021-03-29T11:32:29","slug":"becas","status":"publish","type":"page","link":"https:\/\/www.eoiestepa.es\/?page_id=104","title":{"rendered":"Becas"},"content":{"rendered":"<p style=\"text-align: justify;\">La tramitaci\u00f3n de la beca se realizar\u00e1 a trav\u00e9s de la <strong>sede electr\u00f3nica del Ministerio de Educaci\u00f3n, Cultura y Deporte (<a href=\"http:\/\/sede.educacion.gob.es\/\">http:\/\/sede.educacion.gob.es<\/a>)<\/strong>. Las becas a las que pueden optar el alumnado de las EE.OO.II. son las becas de ayuda al estudio para alumnado de r\u00e9gimen especial y escuelas de idiomas.<\/p>\n<p>Toda la informaci\u00f3n y el procedimiento se encuentran en la p\u00e1gina.<\/p>\n<p>Se pueden cumplimentar e imprimir desde el momento en que se formaliza la matr\u00edcula en la Escuela.<\/p>\n\n\n<div class=\"wp-block-columns is-layout-flex wp-container-core-columns-is-layout-1 wp-block-columns-is-layout-flex\">\n<div class=\"wp-block-column is-vertically-aligned-center is-layout-flow wp-block-column-is-layout-flow\">\n<p><\/p>\n<\/div>\n<\/div>\n\n\n\n<p><\/p>\n","protected":false},"excerpt":{"rendered":"<p>La tramitaci\u00f3n de la beca se realizar\u00e1 a trav\u00e9s de la sede electr\u00f3nica del Ministerio de Educaci\u00f3n, Cultura y Deporte (http:\/\/sede.educacion.gob.es). Las becas a las que pueden optar el alumnado de las EE.OO.II. son las becas de ayuda al estudio para alumnado de r\u00e9gimen especial y escuelas de idiomas. Toda la informaci\u00f3n y el procedimiento&hellip;&nbsp;<a href=\"https:\/\/www.eoiestepa.es\/?page_id=104\" class=\"\" rel=\"bookmark\">Leer m\u00e1s &raquo;<span class=\"screen-reader-text\">Becas<\/span><\/a><\/p>\n","protected":false},"author":2,"featured_media":0,"parent":0,"menu_order":0,"comment_status":"closed","ping_status":"open","template":"","meta":{"_acf_changed":false,"neve_meta_sidebar":"","neve_meta_container":"","neve_meta_enable_content_width":"","neve_meta_content_width":0,"neve_meta_title_alignment":"","neve_meta_author_avatar":"","neve_post_elements_order":"","neve_meta_disable_header":"","neve_meta_disable_footer":"","neve_meta_disable_title":"","footnotes":""},"class_list":["post-104","page","type-page","status-publish","hentry"],"acf":[],"post_mailing_queue_ids":[],"_links":{"self":[{"href":"https:\/\/www.eoiestepa.es\/index.php?rest_route=\/wp\/v2\/pages\/104","targetHints":{"allow":["GET"]}}],"collection":[{"href":"https:\/\/www.eoiestepa.es\/index.php?rest_route=\/wp\/v2\/pages"}],"about":[{"href":"https:\/\/www.eoiestepa.es\/index.php?rest_route=\/wp\/v2\/types\/page"}],"author":[{"embeddable":true,"href":"https:\/\/www.eoiestepa.es\/index.php?rest_route=\/wp\/v2\/users\/2"}],"replies":[{"embeddable":true,"href":"https:\/\/www.eoiestepa.es\/index.php?rest_route=%2Fwp%2Fv2%2Fcomments&post=104"}],"version-history":[{"count":4,"href":"https:\/\/www.eoiestepa.es\/index.php?rest_route=\/wp\/v2\/pages\/104\/revisions"}],"predecessor-version":[{"id":2777,"href":"https:\/\/www.eoiestepa.es\/index.php?rest_route=\/wp\/v2\/pages\/104\/revisions\/2777"}],"wp:attachment":[{"href":"https:\/\/www.eoiestepa.es\/index.php?rest_route=%2Fwp%2Fv2%2Fmedia&parent=104"}],"curies":[{"name":"wp","href":"https:\/\/api.w.org\/{rel}","templated":true}]}}