{"id":107,"date":"2013-12-06T12:55:48","date_gmt":"2013-12-06T11:55:48","guid":{"rendered":"http:\/\/www.eoiestepa.es\/?page_id=107"},"modified":"2026-04-22T13:26:54","modified_gmt":"2026-04-22T11:26:54","slug":"modalidad-presencial","status":"publish","type":"page","link":"https:\/\/www.eoiestepa.es\/?page_id=107","title":{"rendered":"Modalidad Presencial"},"content":{"rendered":"<p style=\"text-align: center;\"><strong>PLAZO DE PREINSCRIPCI\u00d3N: DEL 1 AL 20 DE MAYO DE 2026<\/strong><\/p>\n<p style=\"text-align: center;\"><a href=\"https:\/\/docs.google.com\/file\/d\/0B68oJ8AUzIM1dUo3M1VTTXV0YUU\/edit\">ORDEN DE 20 DE ABRIL, por la que se regulan los criterios y procedimientos de admisi\u00f3n del alumnado en las EOI de Andaluc\u00eda.<\/a><\/p>\n<p style=\"text-align: left;\">Debe realizar su solicitud de Admisi\u00f3n a trav\u00e9s de:<\/p>\n<ul>\n<li style=\"text-align: left;\">(OPCI\u00d3N PRIORITARIA) <a href=\"https:\/\/www.juntadeandalucia.es\/educacion\/secretariavirtual\/\">Secretar\u00eda Virtual de centros docentes andaluces<\/a>, en la secci\u00f3n solicitudes, Admisi\u00f3n en Escuelas Oficiales de Idiomas (alumnado ordinario, modalidades presencial y semipresencial, no CAL) con certificado digital, con la autenticaci\u00f3n Cl@ve o con el Identificador Educativo Andaluz (IANDE) a trav\u00e9s del enlace anterior.<\/li>\n<li style=\"text-align: left;\">Tambi\u00e9n puede realizar la solicitud de plaza directamente en nuestro centro en horario de secretar\u00eda.<\/li>\n<\/ul>\n<p><span style=\"color: #3366ff;\"><b>REQUISITOS\u00a0<\/b><\/span><\/p>\n<p>Seg\u00fan la Orden de 20 de abril de 2012, para solicitar plaza ser\u00e1 requisito imprescindible cumplir los 16 a\u00f1os en el presente a\u00f1o natural. Excepcionalmente, podr\u00e1n acceder quienes cumplan los 14 este a\u00f1o si solicitan admisi\u00f3n para un idioma distinto al que est\u00e9n cursando como primer idioma extranjero en la educaci\u00f3n secundaria.<\/p>\n<p>El alumnado de nuevo ingreso que est\u00e9 en posesi\u00f3n del t\u00edtulo de Bachillerato podr\u00e1 preinscribirse directamente en Nivel Intermedio (B1) o en el 2\u00ba curso de Nivel B\u00e1sico (A2) del mismo idioma que realizase como primer idioma en Bachillerato. Asimismo, el alumnado que haya superado la materia correspondiente a la primera lengua extranjera del primer curso de Bachillerato podr\u00e1 solicitar la admisi\u00f3n para el segundo curso del Nivel B\u00e1sico (A2) correspondiente a esa lengua.<\/p>\n<p>Para solicitar plaza en el nivel B2 de ingl\u00e9s ser\u00e1 indispensable estar en posesi\u00f3n del Certificado de Nivel Intermedio (B1) en el momento de formalizar la matr\u00edcula en julio. Se podr\u00e1 acceder tambi\u00e9n a este u otro nivel por la Prueba Inicial de Clasificaci\u00f3n, que debe marcar en su solicitud. La Prueba Inicial de Clasificaci\u00f3n tendr\u00e1 lugar el lunes 22 de junio a las 17:00 horas.<\/p>\n<p>Para solicitar plaza en el nivel C1 de ingl\u00e9s ser\u00e1 indispensable estar en posesi\u00f3n del Certificado de Nivel Avanzado (B2) en el momento de formalizar la matr\u00edcula en julio. Se podr\u00e1 acceder tambi\u00e9n a este u otro nivel por la Prueba Inicial de Clasificaci\u00f3n, que debe marcar en su solicitud. La Prueba Inicial de Clasificaci\u00f3n tendr\u00e1 lugar el lunes 22 de junio a las 17:00 horas.<\/p>\n<p><strong style=\"color: #3366ff;\">DOCUMENTACI\u00d3N<\/strong><\/p>\n<p>Si presenta la solicitud directamente en secretar\u00eda, debe presentar la solicitud de preinscripci\u00f3n debidamente cumplimentada junto con la fotocopia del DNI, NIE, o pasaporte del solicitante y, si se trata de un menor, del tutor legal.<\/p>\n<p>Si quiere beneficiarse de la prioridad en la adjudicaci\u00f3n de plazas que otorgan las situaciones recogidas en la orden de admisi\u00f3n, debe presentar tambi\u00e9n fotocopia de la documentaci\u00f3n que acredite dichas categor\u00edas de admisi\u00f3n, junto al original para su cotejo: discapacidad, situaci\u00f3n de desempleo, situaci\u00f3n de empleo, acreditaci\u00f3n de estar matriculado en estudios oficiales del sistema educativo andaluz, acreditaci\u00f3n de la titulaci\u00f3n acad\u00e9mica alegada, acreditaci\u00f3n del expediente acad\u00e9mico.<\/p>\n<p><strong><span style=\"color: #3366ff;\">CRITERIOS DE ADMISI\u00d3N<\/span><\/strong><\/p>\n<p>Cuando no existan plazas suficientes para atender todas las solicitudes, se aplicar\u00e1n los criterios de prioridad en la admisi\u00f3n del alumnado que se indican a continuaci\u00f3n (Orden de abril de 2012).<\/p>\n<p>Se reserva el 5 % de las plazas ofertadas para personas discapacitadas con un grado m\u00ednimo del 33 % diagnosticado.<\/p>\n<p>Grupo 1: Personas desempleadas con al menos 6 meses en esta situaci\u00f3n.<\/p>\n<p>Grupo 2: Trabajadores por cuenta ajena o propia.<\/p>\n<p>Grupo 3: Personas matriculadas en estudios oficiales.<\/p>\n<p>Grupo 4: Personas desempleadas con menos de seis meses en esta situaci\u00f3n.<\/p>\n<p>La prioridad en cada uno de los Grupos (1, 2, 3 y 4) para la admisi\u00f3n se determina por:<\/p>\n<p>\u2022\u00a0 La titulaci\u00f3n acad\u00e9mica aportada, en este orden de prioridad: Titulaci\u00f3n superior o equivalente \u2013 Titulaci\u00f3n postobligatoria o equivalente \u2013 Titulaci\u00f3n b\u00e1sica o equivalente.<\/p>\n<p>\u2022\u00a0 A igual titulaci\u00f3n prevalece el mejor expediente acad\u00e9mico.<\/p>\n<p>\u2022\u00a0 A igual titulaci\u00f3n e igual expediente, prevalece la menor renta per c\u00e1pita de la unidad familiar.<\/p>\n<p>Grupo 5: Resto de personas solicitantes: personas sin titulaci\u00f3n, alumnado de ESO, mayores de 14 a\u00f1os que deseen cursar un idioma distinto al primer idioma de su centro, personas jubiladas y\u00a0 otros casos<\/p>\n<p>Estos solicitantes se ordenan por la menor renta per c\u00e1pita de la unidad familiar. En todos los Grupos (1, 2, 3, 4 y 5), si se mantuviera el empate, \u00e9ste se resolver\u00e1 por sorteo, conforme a lo dispuesto en el art\u00edculo 34 del Decreto 40\/2011.<\/p>\n<p><b>En el caso de la modalidad semipresencial, el orden en la admisi\u00f3n lo determina exclusivamente la renta per c\u00e1pita de la unidad familiar.\u00a0<\/b><\/p>\n<p><span style=\"color: #3366ff;\"><strong>CALENDARIO DE ADMISI\u00d3N<\/strong><\/span><\/p>\n<p>1-20 mayo: Presentaci\u00f3n de solicitudes<\/p>\n<p>9 junio: Publicaci\u00f3n de la relaci\u00f3n baremada de solicitudes<\/p>\n<p>10-23 junio: subsanaci\u00f3n de solicitudes desestimadas<\/p>\n<p>24 junio: Publicaci\u00f3n de la resoluci\u00f3n definitiva del procedimiento de admisi\u00f3n<\/p>\n<p>1-10 julio: Plazo de matriculaci\u00f3n<\/p>\n<p style=\"text-align: justify;\">\n","protected":false},"excerpt":{"rendered":"<p>PLAZO DE PREINSCRIPCI\u00d3N: DEL 1 AL 20 DE MAYO DE 2026 ORDEN DE 20 DE ABRIL, por la que se regulan los criterios y procedimientos de admisi\u00f3n del alumnado en las EOI de Andaluc\u00eda. Debe realizar su solicitud de Admisi\u00f3n a trav\u00e9s de: (OPCI\u00d3N PRIORITARIA) Secretar\u00eda Virtual de centros docentes andaluces, en la secci\u00f3n solicitudes,&hellip;&nbsp;<a href=\"https:\/\/www.eoiestepa.es\/?page_id=107\" class=\"\" rel=\"bookmark\">Leer m\u00e1s &raquo;<span class=\"screen-reader-text\">Modalidad Presencial<\/span><\/a><\/p>\n","protected":false},"author":2,"featured_media":4570,"parent":0,"menu_order":0,"comment_status":"closed","ping_status":"open","template":"","meta":{"_acf_changed":false,"neve_meta_sidebar":"","neve_meta_container":"","neve_meta_enable_content_width":"","neve_meta_content_width":0,"neve_meta_title_alignment":"","neve_meta_author_avatar":"","neve_post_elements_order":"","neve_meta_disable_header":"","neve_meta_disable_footer":"","neve_meta_disable_title":"","footnotes":""},"class_list":["post-107","page","type-page","status-publish","has-post-thumbnail","hentry"],"acf":[],"post_mailing_queue_ids":[],"_links":{"self":[{"href":"https:\/\/www.eoiestepa.es\/index.php?rest_route=\/wp\/v2\/pages\/107","targetHints":{"allow":["GET"]}}],"collection":[{"href":"https:\/\/www.eoiestepa.es\/index.php?rest_route=\/wp\/v2\/pages"}],"about":[{"href":"https:\/\/www.eoiestepa.es\/index.php?rest_route=\/wp\/v2\/types\/page"}],"author":[{"embeddable":true,"href":"https:\/\/www.eoiestepa.es\/index.php?rest_route=\/wp\/v2\/users\/2"}],"replies":[{"embeddable":true,"href":"https:\/\/www.eoiestepa.es\/index.php?rest_route=%2Fwp%2Fv2%2Fcomments&post=107"}],"version-history":[{"count":65,"href":"https:\/\/www.eoiestepa.es\/index.php?rest_route=\/wp\/v2\/pages\/107\/revisions"}],"predecessor-version":[{"id":4561,"href":"https:\/\/www.eoiestepa.es\/index.php?rest_route=\/wp\/v2\/pages\/107\/revisions\/4561"}],"wp:featuredmedia":[{"embeddable":true,"href":"https:\/\/www.eoiestepa.es\/index.php?rest_route=\/wp\/v2\/media\/4570"}],"wp:attachment":[{"href":"https:\/\/www.eoiestepa.es\/index.php?rest_route=%2Fwp%2Fv2%2Fmedia&parent=107"}],"curies":[{"name":"wp","href":"https:\/\/api.w.org\/{rel}","templated":true}]}}