{"id":109,"date":"2013-12-06T12:56:15","date_gmt":"2013-12-06T11:56:15","guid":{"rendered":"http:\/\/www.eoiestepa.es\/?page_id=109"},"modified":"2026-04-22T13:27:39","modified_gmt":"2026-04-22T11:27:39","slug":"modalidad-semipresencial","status":"publish","type":"page","link":"https:\/\/www.eoiestepa.es\/?page_id=109","title":{"rendered":"Modalidad Semipresencial"},"content":{"rendered":"<p style=\"text-align: center;\"><strong>PLAZO DE PREINSCRIPCI\u00d3N: DEL 1 AL 20 DE MAYO DE 2026<\/strong><\/p>\n<h6 style=\"text-align: center;\"><strong>EN EL CURSO ESCOLAR 2026\/2027 S\u00d3LO OFERTAMOS EL NIVEL B1 DE INGL\u00c9S EN LA MODALIDAD SEMIPRESENCIAL<\/strong><\/h6>\n<p style=\"text-align: center;\"><a style=\"text-align: justify;\" href=\"https:\/\/docs.google.com\/file\/d\/0B68oJ8AUzIM1dUo3M1VTTXV0YUU\/edit\">ORDEN DE 20 DE ABRIL, por la que se regulan los criterios y procedimientos de admisi\u00f3n del alumnado en las EOI de Andaluc\u00eda.<\/a><\/p>\n<p>Debe realizar su solicitud de Admisi\u00f3n a trav\u00e9s de:<\/p>\n<ul>\n<li>(OPCI\u00d3N PRIORITARIA)\u00a0<a href=\"https:\/\/www.juntadeandalucia.es\/educacion\/secretariavirtual\/\">Secretar\u00eda Virtual de centros docentes andaluces<\/a>, en la secci\u00f3n solicitudes, Admisi\u00f3n en Escuelas Oficiales de Idiomas (alumnado ordinario, modalidades presencial y semipresencial, no CAL) con certificado digital, con la autenticaci\u00f3n Cl@ve o con el Identificador Educativo Andaluz (IANDE) a trav\u00e9s del enlace anterior.<\/li>\n<li>Tambi\u00e9n puede realizar la solicitud de plaza directamente en nuestro centro en horario de secretar\u00eda.<\/li>\n<\/ul>\n<p style=\"text-align: justify;\"><b style=\"color: #3366ff;\">REQUISITOS M\u00cdNIMOS<\/b><\/p>\n<p style=\"text-align: justify;\">Para acceder a las ense\u00f1anzas de idiomas en la modalidad semi-presencial se requerir\u00e1 ser mayor de dieciocho a\u00f1os o cumplirlos antes del 31 de diciembre.<\/p>\n<p style=\"text-align: justify;\">Excepcionalmente se podr\u00e1 solicitar esta modalidad a partir de diecis\u00e9is a\u00f1os cumplidos a fecha 31 de diciembre si se acredita alguna de las situaciones a que se\u00a0 refiere el art\u00edculo 13.2 del Decreto 359\/2011, de 7 de diciembre:<\/p>\n<p style=\"text-align: justify;\">a) Ser persona trabajadora por cuenta propia o ajena sin posibilidad de asistir a clase en la modalidad presencial.<\/p>\n<p style=\"text-align: justify;\">b) Ser deportista de alto rendimiento de Andaluc\u00eda o de alto nivel.<\/p>\n<p style=\"text-align: justify;\">c) Encontrarse en situaci\u00f3n personal extraordinaria de enfermedad, discapacidad o cualquier otra situaci\u00f3n que le impida cursar las ense\u00f1anzas en r\u00e9gimen ordinario, quedando incluidas en este supuesto las mujeres v\u00edctimas de la violencia de g\u00e9nero y las personas v\u00edctimas de terrorismo, as\u00ed como sus hijos e hijas, y las personas que se encuentren en situaci\u00f3n de dificultad social extrema o riesgo de exclusi\u00f3n. Las solicitudes que se refieran a este apartado ser\u00e1n resueltas por la Delegaci\u00f3n Territorial de Educaci\u00f3n, previo informe del Servicio Provincial de Inspecci\u00f3n de Educaci\u00f3n.<\/p>\n<p style=\"text-align: justify;\"><span style=\"color: #3366ff;\"><b>CRITERIOS DE<\/b><strong> ADMISI\u00d3N<\/strong><\/span><\/p>\n<p style=\"text-align: justify;\">La admisi\u00f3n del alumnado en la modalidad semi-presencial se realizar\u00e1 en funci\u00f3n de la menor renta anual per c\u00e1pita de la unidad familiar a la que pertenezca el alumno o alumna. En caso de empate, este se resolver\u00e1 por sorteo conforme a lo dispuesto en el art\u00edculo 34 del Decreto 40\/2011, de 22 de febrero.<\/p>\n\n\n<p><strong>CALENDARIO DE ADMISI\u00d3N<\/strong><\/p>\n\n\n\n<p>1-20 mayo: presentaci\u00f3n de solicitudes<\/p>\n\n\n\n<p>9 junio: Publicaci\u00f3n de la relaci\u00f3n baremada de solicitudes<\/p>\n\n\n\n<p>10-23 junio: subsanaci\u00f3n de solicitudes desestimadas<\/p>\n\n\n\n<p>24 junio: Publicaci\u00f3n de la resoluci\u00f3n definitiva del procedimiento de admisi\u00f3n<\/p>\n\n\n\n<p>1-10 julio: Plazo de matriculaci\u00f3n<\/p>\n","protected":false},"excerpt":{"rendered":"<p>PLAZO DE PREINSCRIPCI\u00d3N: DEL 1 AL 20 DE MAYO DE 2026 EN EL CURSO ESCOLAR 2026\/2027 S\u00d3LO OFERTAMOS EL NIVEL B1 DE INGL\u00c9S EN LA MODALIDAD SEMIPRESENCIAL ORDEN DE 20 DE ABRIL, por la que se regulan los criterios y procedimientos de admisi\u00f3n del alumnado en las EOI de Andaluc\u00eda. Debe realizar su solicitud de&hellip;&nbsp;<a href=\"https:\/\/www.eoiestepa.es\/?page_id=109\" class=\"\" rel=\"bookmark\">Leer m\u00e1s &raquo;<span class=\"screen-reader-text\">Modalidad Semipresencial<\/span><\/a><\/p>\n","protected":false},"author":2,"featured_media":4570,"parent":0,"menu_order":0,"comment_status":"closed","ping_status":"open","template":"","meta":{"_acf_changed":false,"neve_meta_sidebar":"","neve_meta_container":"","neve_meta_enable_content_width":"","neve_meta_content_width":0,"neve_meta_title_alignment":"","neve_meta_author_avatar":"","neve_post_elements_order":"","neve_meta_disable_header":"","neve_meta_disable_footer":"","neve_meta_disable_title":"","footnotes":""},"class_list":["post-109","page","type-page","status-publish","has-post-thumbnail","hentry"],"acf":[],"post_mailing_queue_ids":[],"_links":{"self":[{"href":"https:\/\/www.eoiestepa.es\/index.php?rest_route=\/wp\/v2\/pages\/109","targetHints":{"allow":["GET"]}}],"collection":[{"href":"https:\/\/www.eoiestepa.es\/index.php?rest_route=\/wp\/v2\/pages"}],"about":[{"href":"https:\/\/www.eoiestepa.es\/index.php?rest_route=\/wp\/v2\/types\/page"}],"author":[{"embeddable":true,"href":"https:\/\/www.eoiestepa.es\/index.php?rest_route=\/wp\/v2\/users\/2"}],"replies":[{"embeddable":true,"href":"https:\/\/www.eoiestepa.es\/index.php?rest_route=%2Fwp%2Fv2%2Fcomments&post=109"}],"version-history":[{"count":49,"href":"https:\/\/www.eoiestepa.es\/index.php?rest_route=\/wp\/v2\/pages\/109\/revisions"}],"predecessor-version":[{"id":4563,"href":"https:\/\/www.eoiestepa.es\/index.php?rest_route=\/wp\/v2\/pages\/109\/revisions\/4563"}],"wp:featuredmedia":[{"embeddable":true,"href":"https:\/\/www.eoiestepa.es\/index.php?rest_route=\/wp\/v2\/media\/4570"}],"wp:attachment":[{"href":"https:\/\/www.eoiestepa.es\/index.php?rest_route=%2Fwp%2Fv2%2Fmedia&parent=109"}],"curies":[{"name":"wp","href":"https:\/\/api.w.org\/{rel}","templated":true}]}}