{"id":111,"date":"2013-12-06T12:56:57","date_gmt":"2013-12-06T11:56:57","guid":{"rendered":"http:\/\/www.eoiestepa.es\/?page_id=111"},"modified":"2026-04-22T13:28:42","modified_gmt":"2026-04-22T11:28:42","slug":"cursos-actualizacion-profesorado-cal","status":"publish","type":"page","link":"https:\/\/www.eoiestepa.es\/?page_id=111","title":{"rendered":"Cursos Actualizaci\u00f3n Profesorado (CAL)"},"content":{"rendered":"<p style=\"text-align: center;\"><strong>PLAZO DE PREINSCRIPCIONES CAL: DEL 1 AL 20 DE MAYO DE 2026<\/strong><\/p>\n<p style=\"text-align: center;\"><a style=\"text-align: justify;\" href=\"https:\/\/docs.google.com\/file\/d\/0B68oJ8AUzIM1dUo3M1VTTXV0YUU\/edit\">ORDEN DE 20 DE ABRIL, por la que se regulan los criterios y procedimientos de admisi\u00f3n del alumnado en las EOI de Andaluc\u00eda.<\/a><\/p>\n<p>Debe realizar su solicitud de Admisi\u00f3n a trav\u00e9s de:<\/p>\n<ul>\n<li>(OPCI\u00d3N PRIORITARIA)\u00a0<a href=\"https:\/\/www.juntadeandalucia.es\/educacion\/secretariavirtual\/\">Secretar\u00eda Virtual de centros docentes andaluces<\/a>, en la secci\u00f3n solicitudes, Admisi\u00f3n en Escuelas Oficiales de Idiomas (alumnado ordinario, modalidades presencial y semipresencial, no CAL) con certificado digital, con la autenticaci\u00f3n Cl@ve o con el Identificador Educativo Andaluz (IANDE) a trav\u00e9s del enlace anterior.<\/li>\n<li>Tambi\u00e9n puede realizar la solicitud de plaza directamente en nuestro centro en horario de secretar\u00eda.<\/li>\n<\/ul>\n<p style=\"text-align: justify;\">Para acceder a los Cursos de Actualizaci\u00f3n Ling\u00fc\u00edstica ser\u00e1 requisito imprescindible ser personal docente que preste servicios en centros docentes p\u00fablicos de titularidad de la Junta de Andaluc\u00eda o en centros docentes privados concertados.<\/p>\n<p style=\"text-align: justify;\"><span style=\"color: #3366ff;\"><strong>\u00a0CRITERIOS DE BAREMACI\u00d3N (ORDEN DE PREFERENCIA)<\/strong><\/span><\/p>\n<p style=\"text-align: justify;\">\u00a0A) Profesorado de centros docentes p\u00fablicos autorizados como centros biling\u00fces y que est\u00e9 impartiendo ense\u00f1anza biling\u00fce de \u00e1rea no ling\u00fc\u00edstica. Cumplimentar Anexo V.<\/p>\n<p style=\"text-align: justify;\">\u00a0B) Profesorado de centros docentes p\u00fablicos autorizados como centros biling\u00fces y que se comprometa a impartir ense\u00f1anza biling\u00fce en su \u00e1rea no ling\u00fc\u00edstica. Cumplimentar Anexo VI.<\/p>\n<p style=\"text-align: justify;\">\u00a0C) Profesorado de los cuerpos docentes p\u00fablicos. Aportar certificado del centro.<\/p>\n<p><strong>CALENDARIO DE ADMISI\u00d3N<\/strong><\/p>\n<p>1-20 mayo: Presentaci\u00f3n de solicitudes<\/p>\n<p>9 junio: Publicaci\u00f3n de la relaci\u00f3n baremada de solicitudes<\/p>\n<p>10-23 junio: subsanaci\u00f3n de solicitudes desestimadas<\/p>\n<p>24 junio: Publicaci\u00f3n de la resoluci\u00f3n definitiva del procedimiento de admisi\u00f3n<\/p>\n<p>1-10 julio: Plazo de matriculaci\u00f3n<\/p>\n<p>Vacantes ofertadas para el curso 2025-2026<\/p>\n\n\n<p><\/p>\n","protected":false},"excerpt":{"rendered":"<p>PLAZO DE PREINSCRIPCIONES CAL: DEL 1 AL 20 DE MAYO DE 2026 ORDEN DE 20 DE ABRIL, por la que se regulan los criterios y procedimientos de admisi\u00f3n del alumnado en las EOI de Andaluc\u00eda. Debe realizar su solicitud de Admisi\u00f3n a trav\u00e9s de: (OPCI\u00d3N PRIORITARIA)\u00a0Secretar\u00eda Virtual de centros docentes andaluces, en la secci\u00f3n solicitudes,&hellip;&nbsp;<a href=\"https:\/\/www.eoiestepa.es\/?page_id=111\" class=\"\" rel=\"bookmark\">Leer m\u00e1s &raquo;<span class=\"screen-reader-text\">Cursos Actualizaci\u00f3n Profesorado (CAL)<\/span><\/a><\/p>\n","protected":false},"author":2,"featured_media":4570,"parent":0,"menu_order":0,"comment_status":"closed","ping_status":"open","template":"","meta":{"_acf_changed":false,"neve_meta_sidebar":"","neve_meta_container":"","neve_meta_enable_content_width":"","neve_meta_content_width":0,"neve_meta_title_alignment":"","neve_meta_author_avatar":"","neve_post_elements_order":"","neve_meta_disable_header":"","neve_meta_disable_footer":"","neve_meta_disable_title":"","footnotes":""},"class_list":["post-111","page","type-page","status-publish","has-post-thumbnail","hentry"],"acf":[],"post_mailing_queue_ids":[],"_links":{"self":[{"href":"https:\/\/www.eoiestepa.es\/index.php?rest_route=\/wp\/v2\/pages\/111","targetHints":{"allow":["GET"]}}],"collection":[{"href":"https:\/\/www.eoiestepa.es\/index.php?rest_route=\/wp\/v2\/pages"}],"about":[{"href":"https:\/\/www.eoiestepa.es\/index.php?rest_route=\/wp\/v2\/types\/page"}],"author":[{"embeddable":true,"href":"https:\/\/www.eoiestepa.es\/index.php?rest_route=\/wp\/v2\/users\/2"}],"replies":[{"embeddable":true,"href":"https:\/\/www.eoiestepa.es\/index.php?rest_route=%2Fwp%2Fv2%2Fcomments&post=111"}],"version-history":[{"count":33,"href":"https:\/\/www.eoiestepa.es\/index.php?rest_route=\/wp\/v2\/pages\/111\/revisions"}],"predecessor-version":[{"id":4564,"href":"https:\/\/www.eoiestepa.es\/index.php?rest_route=\/wp\/v2\/pages\/111\/revisions\/4564"}],"wp:featuredmedia":[{"embeddable":true,"href":"https:\/\/www.eoiestepa.es\/index.php?rest_route=\/wp\/v2\/media\/4570"}],"wp:attachment":[{"href":"https:\/\/www.eoiestepa.es\/index.php?rest_route=%2Fwp%2Fv2%2Fmedia&parent=111"}],"curies":[{"name":"wp","href":"https:\/\/api.w.org\/{rel}","templated":true}]}}