{"id":132,"date":"2013-12-06T13:53:40","date_gmt":"2013-12-06T12:53:40","guid":{"rendered":"http:\/\/www.eoiestepa.es\/?page_id=132"},"modified":"2024-05-14T10:26:04","modified_gmt":"2024-05-14T08:26:04","slug":"plan-de-coeducacion","status":"publish","type":"page","link":"https:\/\/www.eoiestepa.es\/?page_id=132","title":{"rendered":"Plan de Coeducaci\u00f3n"},"content":{"rendered":"<div class=\"wp-block-image\">\n<figure class=\"aligncenter size-large\"><a href=\"https:\/\/www.eoiestepa.es\/wp-content\/uploads\/2021\/03\/coeducacion2.png\"><img loading=\"lazy\" decoding=\"async\" width=\"593\" height=\"143\" src=\"https:\/\/www.eoiestepa.es\/wp-content\/uploads\/2021\/03\/coeducacion2.png\" alt=\"\" class=\"wp-image-2743\" srcset=\"https:\/\/www.eoiestepa.es\/wp-content\/uploads\/2021\/03\/coeducacion2.png 593w, https:\/\/www.eoiestepa.es\/wp-content\/uploads\/2021\/03\/coeducacion2-300x72.png 300w\" sizes=\"auto, (max-width: 593px) 100vw, 593px\" \/><\/a><\/figure><\/div>\n\n<p>El avance conseguido en las \u00faltimas d\u00e9cadas en la igualdad entre hombres y mujeres ha llevado a nuestra sociedad andaluza a la incorporaci\u00f3n y participaci\u00f3n de las mujeres en todas las esferas de la vida pol\u00edtica, social y cultural. Sin embargo, estos cambios no siempre han venido acompa\u00f1ados de nuevos modelos de relaciones entre los g\u00e9neros.<\/p>\n<p>Aunque se han dado cambios importantes en los modelos de familia, podemos decir que, mientras el modelo de feminidad tradicional ha sufrido una importante transformaci\u00f3n, los varones no se han incorporado de la misma forma a los \u00e1mbitos de la vida privada y al espacio dom\u00e9stico. Adem\u00e1s, las relaciones de poder dominantes en nuestra sociedad se siguen manifestando en discriminaciones laborales, y en la violencia contra las mujeres como la forma m\u00e1s arcaica de dominaci\u00f3n y sometimiento.<\/p>\n<p>La Consejer\u00eda de Educaci\u00f3n, consciente de esta realidad y de la importancia que tiene la actuaci\u00f3n desde las pol\u00edticas p\u00fablicas para que el principio de igualdad entre hombres y mujeres consagrado en nuestra Constituci\u00f3n y en el Estatuto de Autonom\u00eda para Andaluc\u00eda sea una realidad, ha determinado desde su \u00e1mbito de competencias desarrollar una intervenci\u00f3n global en el marco educativo a trav\u00e9s de este <strong>I Plan de Igualdad entre Hombres y Mujeres en Educaci\u00f3n<\/strong>.<\/p>\n<p>La educaci\u00f3n integral de las personas implica la adquisici\u00f3n de un conjunto de capacidades b\u00e1sicas de tipo cognitivo, emocional y \u00e9tico. Esto supone que a la necesidad incuestionable de educar en habilidades y conocimientos se a\u00f1ade la de educar para una mejor calidad de vida y para dotar a esta de sentido moral.<\/p>\n<p><strong>El sistema educativo debe hacerse cargo de crear las condiciones necesarias para que la escuela potencie los aprendizajes para la vida afectiva e incorpore el valor y la riqueza que supone la diversidad de modos de ser hombre y de ser mujer que son el sustrato imprescindible para establecer unas relaciones basadas en la equidad, el respeto y la corresponsabilidad<\/strong>.<\/p>\n<p><a href=\"https:\/\/igualdadeoiestepa.wordpress.com\/\"><strong>BLOG DE IGUALDAD EOI ESTEPA<\/strong><\/a><\/p>\n\n\n<p class=\"has-text-align-center\"><strong>Journ\u00e9e internationale des femmes (EOI ESTEPA)<\/strong><\/p>\n\n\n\n<iframe loading=\"lazy\" src=\"\/\/v.calameo.com\/?bkcode=004671216a6d8cd78e862&#038;mode=mini\" width=\"480\" height=\"300\" frameborder=\"0\" scrolling=\"no\" allowtransparency allowfullscreen style=\"margin:0 auto;\"><\/iframe>\n\n\n\n<p class=\"has-text-align-center\"><strong>International Women&#8217;s Day (EOI ESTEPA)<\/strong><\/p>\n\n\n\n<iframe loading=\"lazy\" src=\"\/\/v.calameo.com\/?bkcode=0046712164f1dd68d7ce6&#038;mode=mini\" width=\"480\" height=\"300\" frameborder=\"0\" scrolling=\"no\" allowtransparency allowfullscreen style=\"margin:0 auto;\"><\/iframe>\n","protected":false},"excerpt":{"rendered":"<p>El avance conseguido en las \u00faltimas d\u00e9cadas en la igualdad entre hombres y mujeres ha llevado a nuestra sociedad andaluza a la incorporaci\u00f3n y participaci\u00f3n de las mujeres en todas las esferas de la vida pol\u00edtica, social y cultural. Sin embargo, estos cambios no siempre han venido acompa\u00f1ados de nuevos modelos de relaciones entre los&hellip;&nbsp;<a href=\"https:\/\/www.eoiestepa.es\/?page_id=132\" class=\"\" rel=\"bookmark\">Leer m\u00e1s &raquo;<span class=\"screen-reader-text\">Plan de Coeducaci\u00f3n<\/span><\/a><\/p>\n","protected":false},"author":4,"featured_media":0,"parent":0,"menu_order":0,"comment_status":"closed","ping_status":"open","template":"","meta":{"_acf_changed":false,"neve_meta_sidebar":"","neve_meta_container":"","neve_meta_enable_content_width":"","neve_meta_content_width":0,"neve_meta_title_alignment":"","neve_meta_author_avatar":"","neve_post_elements_order":"","neve_meta_disable_header":"","neve_meta_disable_footer":"","neve_meta_disable_title":"","footnotes":""},"class_list":["post-132","page","type-page","status-publish","hentry"],"acf":[],"post_mailing_queue_ids":[],"_links":{"self":[{"href":"https:\/\/www.eoiestepa.es\/index.php?rest_route=\/wp\/v2\/pages\/132","targetHints":{"allow":["GET"]}}],"collection":[{"href":"https:\/\/www.eoiestepa.es\/index.php?rest_route=\/wp\/v2\/pages"}],"about":[{"href":"https:\/\/www.eoiestepa.es\/index.php?rest_route=\/wp\/v2\/types\/page"}],"author":[{"embeddable":true,"href":"https:\/\/www.eoiestepa.es\/index.php?rest_route=\/wp\/v2\/users\/4"}],"replies":[{"embeddable":true,"href":"https:\/\/www.eoiestepa.es\/index.php?rest_route=%2Fwp%2Fv2%2Fcomments&post=132"}],"version-history":[{"count":11,"href":"https:\/\/www.eoiestepa.es\/index.php?rest_route=\/wp\/v2\/pages\/132\/revisions"}],"predecessor-version":[{"id":3946,"href":"https:\/\/www.eoiestepa.es\/index.php?rest_route=\/wp\/v2\/pages\/132\/revisions\/3946"}],"wp:attachment":[{"href":"https:\/\/www.eoiestepa.es\/index.php?rest_route=%2Fwp%2Fv2%2Fmedia&parent=132"}],"curies":[{"name":"wp","href":"https:\/\/api.w.org\/{rel}","templated":true}]}}