{"id":134,"date":"2013-12-06T13:53:57","date_gmt":"2013-12-06T12:53:57","guid":{"rendered":"http:\/\/www.eoiestepa.es\/?page_id=134"},"modified":"2021-03-29T11:48:18","modified_gmt":"2021-03-29T10:48:18","slug":"plan-de-autoproteccion","status":"publish","type":"page","link":"https:\/\/www.eoiestepa.es\/?page_id=134","title":{"rendered":"Plan de Autoprotecci\u00f3n"},"content":{"rendered":"<p>La Consejer\u00eda de Educaci\u00f3n, para dar respuesta a las nuevas realidades sociales y preocupada positivamente por la seguridad en los centros docentes, los servicios educativos y los propios edificios administrativos de las Delegaciones Provinciales de Educaci\u00f3n, con <strong>la finalidad de mejorar y ampliar la \u00abcultura de la prevenci\u00f3n de riesgos\u00bb, sensibilizar a la comunidad educativa, en general, y concienciarla de la importancia que tiene evitar la accidentalidad, as\u00ed como proceder a su prevenci\u00f3n<\/strong>, publica la ORDEN de 16 de abril por la que se regula el procedimiento para la elaboraci\u00f3n, aprobaci\u00f3n y registro del Plan de Autoprotecci\u00f3n de todos los centros docentes p\u00fablicos de Andaluc\u00eda, a excepci\u00f3n de los universitarios, los centros de ense\u00f1anza de r\u00e9gimen especial y los servicios educativos, sostenidos con fondos p\u00fablicos, as\u00ed como las Delegaciones Provinciales de la Consejer\u00eda de Educaci\u00f3n, y se establece la composici\u00f3n y funciones de los \u00f3rganos de coordinaci\u00f3n y gesti\u00f3n de la prevenci\u00f3n en dichos centros y servicios educativos.<\/p>\n\n\n<div class=\"wp-block-columns is-layout-flex wp-container-core-columns-is-layout-1 wp-block-columns-is-layout-flex\">\n<div class=\"wp-block-column is-vertically-aligned-center is-layout-flow wp-block-column-is-layout-flow\">\n<p><\/p>\n<\/div>\n<\/div>\n\n\n\n<p><\/p>\n\n\n\n<p><\/p>\n","protected":false},"excerpt":{"rendered":"<p>La Consejer\u00eda de Educaci\u00f3n, para dar respuesta a las nuevas realidades sociales y preocupada positivamente por la seguridad en los centros docentes, los servicios educativos y los propios edificios administrativos de las Delegaciones Provinciales de Educaci\u00f3n, con la finalidad de mejorar y ampliar la \u00abcultura de la prevenci\u00f3n de riesgos\u00bb, sensibilizar a la comunidad educativa,&hellip;&nbsp;<a href=\"https:\/\/www.eoiestepa.es\/?page_id=134\" class=\"\" rel=\"bookmark\">Leer m\u00e1s &raquo;<span class=\"screen-reader-text\">Plan de Autoprotecci\u00f3n<\/span><\/a><\/p>\n","protected":false},"author":4,"featured_media":0,"parent":0,"menu_order":0,"comment_status":"closed","ping_status":"open","template":"","meta":{"_acf_changed":false,"neve_meta_sidebar":"","neve_meta_container":"","neve_meta_enable_content_width":"","neve_meta_content_width":0,"neve_meta_title_alignment":"","neve_meta_author_avatar":"","neve_post_elements_order":"","neve_meta_disable_header":"","neve_meta_disable_footer":"","neve_meta_disable_title":"","footnotes":""},"class_list":["post-134","page","type-page","status-publish","hentry"],"acf":[],"post_mailing_queue_ids":[],"_links":{"self":[{"href":"https:\/\/www.eoiestepa.es\/index.php?rest_route=\/wp\/v2\/pages\/134","targetHints":{"allow":["GET"]}}],"collection":[{"href":"https:\/\/www.eoiestepa.es\/index.php?rest_route=\/wp\/v2\/pages"}],"about":[{"href":"https:\/\/www.eoiestepa.es\/index.php?rest_route=\/wp\/v2\/types\/page"}],"author":[{"embeddable":true,"href":"https:\/\/www.eoiestepa.es\/index.php?rest_route=\/wp\/v2\/users\/4"}],"replies":[{"embeddable":true,"href":"https:\/\/www.eoiestepa.es\/index.php?rest_route=%2Fwp%2Fv2%2Fcomments&post=134"}],"version-history":[{"count":6,"href":"https:\/\/www.eoiestepa.es\/index.php?rest_route=\/wp\/v2\/pages\/134\/revisions"}],"predecessor-version":[{"id":2741,"href":"https:\/\/www.eoiestepa.es\/index.php?rest_route=\/wp\/v2\/pages\/134\/revisions\/2741"}],"wp:attachment":[{"href":"https:\/\/www.eoiestepa.es\/index.php?rest_route=%2Fwp%2Fv2%2Fmedia&parent=134"}],"curies":[{"name":"wp","href":"https:\/\/api.w.org\/{rel}","templated":true}]}}