{"id":148,"date":"2013-12-06T16:35:48","date_gmt":"2013-12-06T15:35:48","guid":{"rendered":"http:\/\/www.eoiestepa.es\/?page_id=148"},"modified":"2016-09-13T10:02:52","modified_gmt":"2016-09-13T09:02:52","slug":"criterios-de-evaluacion","status":"publish","type":"page","link":"https:\/\/www.eoiestepa.es\/?page_id=148","title":{"rendered":"Criterios de Evaluaci\u00f3n"},"content":{"rendered":"<p><a href=\"https:\/\/docs.google.com\/file\/d\/0B68oJ8AUzIM1T0tDU1BZM2lEM1k\/edit\" target=\"_blank\">Para conocer los Criterios de Evaluaci\u00f3n de la EOI de Estepa para este curso pinche aqu\u00ed.<\/a><\/p>\n<p><a href=\"http:\/\/www.juntadeandalucia.es\/educacion\/portals\/abaco-portlet\/content\/454b9318-6210-450c-8e92-eb193f52437a\">Criterios de evaluaci\u00f3n de las Pruebas de Certificaci\u00f3n para B1, B2 y C1.\u00a0<\/a><\/p>\n","protected":false},"excerpt":{"rendered":"<p>Para conocer los Criterios de Evaluaci\u00f3n de la EOI de Estepa para este curso pinche aqu\u00ed. Criterios de evaluaci\u00f3n de las Pruebas de Certificaci\u00f3n para B1, B2 y C1.\u00a0<\/p>\n","protected":false},"author":4,"featured_media":0,"parent":0,"menu_order":0,"comment_status":"closed","ping_status":"open","template":"","meta":{"_acf_changed":false,"neve_meta_sidebar":"","neve_meta_container":"","neve_meta_enable_content_width":"","neve_meta_content_width":0,"neve_meta_title_alignment":"","neve_meta_author_avatar":"","neve_post_elements_order":"","neve_meta_disable_header":"","neve_meta_disable_footer":"","neve_meta_disable_title":"","footnotes":""},"class_list":["post-148","page","type-page","status-publish","hentry"],"acf":[],"post_mailing_queue_ids":[],"_links":{"self":[{"href":"https:\/\/www.eoiestepa.es\/index.php?rest_route=\/wp\/v2\/pages\/148","targetHints":{"allow":["GET"]}}],"collection":[{"href":"https:\/\/www.eoiestepa.es\/index.php?rest_route=\/wp\/v2\/pages"}],"about":[{"href":"https:\/\/www.eoiestepa.es\/index.php?rest_route=\/wp\/v2\/types\/page"}],"author":[{"embeddable":true,"href":"https:\/\/www.eoiestepa.es\/index.php?rest_route=\/wp\/v2\/users\/4"}],"replies":[{"embeddable":true,"href":"https:\/\/www.eoiestepa.es\/index.php?rest_route=%2Fwp%2Fv2%2Fcomments&post=148"}],"version-history":[{"count":5,"href":"https:\/\/www.eoiestepa.es\/index.php?rest_route=\/wp\/v2\/pages\/148\/revisions"}],"predecessor-version":[{"id":1390,"href":"https:\/\/www.eoiestepa.es\/index.php?rest_route=\/wp\/v2\/pages\/148\/revisions\/1390"}],"wp:attachment":[{"href":"https:\/\/www.eoiestepa.es\/index.php?rest_route=%2Fwp%2Fv2%2Fmedia&parent=148"}],"curies":[{"name":"wp","href":"https:\/\/api.w.org\/{rel}","templated":true}]}}