{"id":212,"date":"2013-12-09T18:43:33","date_gmt":"2013-12-09T17:43:33","guid":{"rendered":"http:\/\/www.eoiestepa.es\/?page_id=212"},"modified":"2021-04-09T20:28:18","modified_gmt":"2021-04-09T18:28:18","slug":"dofei","status":"publish","type":"page","link":"https:\/\/www.eoiestepa.es\/?page_id=212","title":{"rendered":"DOFEI"},"content":{"rendered":"<p align=\"center\"><b><span style=\"text-decoration: underline;\">Departamento de orientaci\u00f3n, formaci\u00f3n, evaluaci\u00f3n e innovaci\u00f3n educativa.<\/span><\/b><\/p>\n<p>&nbsp;Este departamento de nueva aparici\u00f3n en las EE.OO.II contempla distintos \u00e1mbitos de actuaci\u00f3n en la EOI, a saber:<\/p>\n<ul>\n<li>La orientaci\u00f3n acad\u00e9mica y profesional de los alumnos.<\/li>\n<li>La formaci\u00f3n permanente del profesorado.<\/li>\n<li>La evaluaci\u00f3n de todos los par\u00e1metros que intervienen en los procesos de ense\u00f1anza y aprendizaje.<\/li>\n<li>La incorporaci\u00f3n y el desarrollo de herramientas, materiales e iniciativas innovadoras a la actividad docente y a la vida acad\u00e9mica del centro.<\/li>\n<li>Realizar propuestas de mejora para avanzar en la consecuci\u00f3n de objetivos de la EOI.<\/li>\n<li>Colaborar con la Agencia Andaluza de Evaluaci\u00f3n Educativa en aquellas actuaciones relacionadas con la evaluaci\u00f3n que se lleven a cabo en la escuela.<\/li>\n<\/ul>\n<p>Forman parte del mismo todos los jefes\/as de departamento de la Escuela de Idiomas<\/p>\n\n\n<div class=\"wp-block-columns is-layout-flex wp-container-core-columns-is-layout-1 wp-block-columns-is-layout-flex\">\n<div class=\"wp-block-column is-layout-flow wp-block-column-is-layout-flow\">\n<figure class=\"wp-block-image size-large\"><a href=\"https:\/\/www.eoiestepa.es\/?page_id=2230\"><img loading=\"lazy\" decoding=\"async\" width=\"600\" height=\"720\" src=\"https:\/\/www.eoiestepa.es\/wp-content\/uploads\/2021\/04\/erasmus.jpg\" alt=\"\" class=\"wp-image-2936\" srcset=\"https:\/\/www.eoiestepa.es\/wp-content\/uploads\/2021\/04\/erasmus.jpg 600w, https:\/\/www.eoiestepa.es\/wp-content\/uploads\/2021\/04\/erasmus-250x300.jpg 250w\" sizes=\"auto, (max-width: 600px) 100vw, 600px\" \/><\/a><\/figure>\n\n\n\n<p class=\"has-text-align-center\" style=\"font-size:18px\">Participamos en el proyecto de movilidad del personal docente. Accede al blog para saber m\u00e1s.<\/p>\n\n\n\n<div class=\"wp-block-buttons alignfull is-content-justification-center is-layout-flex wp-block-buttons-is-layout-flex\">\n<div class=\"wp-block-button is-style-primary\"><a class=\"wp-block-button__link\" href=\"https:\/\/www.eoiestepa.es\/?page_id=2230\">blog de erasmus+<\/a><\/div>\n<\/div>\n<\/div>\n\n\n\n<div class=\"wp-block-column is-layout-flow wp-block-column-is-layout-flow\">\n<figure class=\"wp-block-image size-large\"><a href=\"https:\/\/www.eoiestepa.es\/?page_id=1804\"><img loading=\"lazy\" decoding=\"async\" width=\"600\" height=\"720\" src=\"https:\/\/www.eoiestepa.es\/wp-content\/uploads\/2021\/04\/becas-1.jpg\" alt=\"\" class=\"wp-image-2896\" srcset=\"https:\/\/www.eoiestepa.es\/wp-content\/uploads\/2021\/04\/becas-1.jpg 600w, https:\/\/www.eoiestepa.es\/wp-content\/uploads\/2021\/04\/becas-1-250x300.jpg 250w\" sizes=\"auto, (max-width: 600px) 100vw, 600px\" \/><\/a><\/figure>\n\n\n\n<p class=\"has-text-align-center\" style=\"font-size:18px\">Ayudas y becas de las distintas administraciones nacionales y extranjeras para alumnado<\/p>\n\n\n\n<div class=\"wp-block-buttons alignfull is-content-justification-center is-layout-flex wp-block-buttons-is-layout-flex\">\n<div class=\"wp-block-button is-style-primary\"><a class=\"wp-block-button__link\" href=\"https:\/\/www.eoiestepa.es\/?page_id=1804\">BECAS Y AYUDAS<\/a><\/div>\n<\/div>\n<\/div>\n\n\n\n<div class=\"wp-block-column is-layout-flow wp-block-column-is-layout-flow\">\n<figure class=\"wp-block-image size-large\"><a href=\"https:\/\/www.eoiestepa.es\/?page_id=12\"><img loading=\"lazy\" decoding=\"async\" width=\"600\" height=\"720\" src=\"https:\/\/www.eoiestepa.es\/wp-content\/uploads\/2021\/03\/eoi_edificio.jpg\" alt=\"\" class=\"wp-image-2642\" srcset=\"https:\/\/www.eoiestepa.es\/wp-content\/uploads\/2021\/03\/eoi_edificio.jpg 600w, https:\/\/www.eoiestepa.es\/wp-content\/uploads\/2021\/03\/eoi_edificio-250x300.jpg 250w\" sizes=\"auto, (max-width: 600px) 100vw, 600px\" \/><\/a><\/figure>\n\n\n\n<p class=\"has-text-align-center\" style=\"font-size:18px\">No dudes en contactar con nosotros para plantearnos cualquier sugerencia o duda.<\/p>\n\n\n\n<div class=\"wp-block-buttons alignfull is-content-justification-center is-layout-flex wp-block-buttons-is-layout-flex\">\n<div class=\"wp-block-button is-style-primary\"><a class=\"wp-block-button__link\" href=\"https:\/\/www.eoiestepa.es\/?page_id=12\">contacto y ubicaci\u00f3n<\/a><\/div>\n<\/div>\n<\/div>\n<\/div>\n\n\n\n<div style=\"height:60px\" aria-hidden=\"true\" class=\"wp-block-spacer\"><\/div>\n","protected":false},"excerpt":{"rendered":"<p>Departamento de orientaci\u00f3n, formaci\u00f3n, evaluaci\u00f3n e innovaci\u00f3n educativa. &nbsp;Este departamento de nueva aparici\u00f3n en las EE.OO.II contempla distintos \u00e1mbitos de actuaci\u00f3n en la EOI, a saber: La orientaci\u00f3n acad\u00e9mica y profesional de los alumnos. La formaci\u00f3n permanente del profesorado. La evaluaci\u00f3n de todos los par\u00e1metros que intervienen en los procesos de ense\u00f1anza y aprendizaje. La&hellip;&nbsp;<a href=\"https:\/\/www.eoiestepa.es\/?page_id=212\" class=\"\" rel=\"bookmark\">Leer m\u00e1s &raquo;<span class=\"screen-reader-text\">DOFEI<\/span><\/a><\/p>\n","protected":false},"author":3,"featured_media":0,"parent":0,"menu_order":0,"comment_status":"closed","ping_status":"open","template":"","meta":{"_acf_changed":false,"neve_meta_sidebar":"","neve_meta_container":"","neve_meta_enable_content_width":"","neve_meta_content_width":0,"neve_meta_title_alignment":"","neve_meta_author_avatar":"","neve_post_elements_order":"","neve_meta_disable_header":"","neve_meta_disable_footer":"","neve_meta_disable_title":"","footnotes":""},"class_list":["post-212","page","type-page","status-publish","hentry"],"acf":[],"post_mailing_queue_ids":[],"_links":{"self":[{"href":"https:\/\/www.eoiestepa.es\/index.php?rest_route=\/wp\/v2\/pages\/212","targetHints":{"allow":["GET"]}}],"collection":[{"href":"https:\/\/www.eoiestepa.es\/index.php?rest_route=\/wp\/v2\/pages"}],"about":[{"href":"https:\/\/www.eoiestepa.es\/index.php?rest_route=\/wp\/v2\/types\/page"}],"author":[{"embeddable":true,"href":"https:\/\/www.eoiestepa.es\/index.php?rest_route=\/wp\/v2\/users\/3"}],"replies":[{"embeddable":true,"href":"https:\/\/www.eoiestepa.es\/index.php?rest_route=%2Fwp%2Fv2%2Fcomments&post=212"}],"version-history":[{"count":6,"href":"https:\/\/www.eoiestepa.es\/index.php?rest_route=\/wp\/v2\/pages\/212\/revisions"}],"predecessor-version":[{"id":2914,"href":"https:\/\/www.eoiestepa.es\/index.php?rest_route=\/wp\/v2\/pages\/212\/revisions\/2914"}],"wp:attachment":[{"href":"https:\/\/www.eoiestepa.es\/index.php?rest_route=%2Fwp%2Fv2%2Fmedia&parent=212"}],"curies":[{"name":"wp","href":"https:\/\/api.w.org\/{rel}","templated":true}]}}