{"id":2230,"date":"2020-02-14T12:20:48","date_gmt":"2020-02-14T11:20:48","guid":{"rendered":"http:\/\/www.eoiestepa.es\/?page_id=2230"},"modified":"2021-04-26T12:14:09","modified_gmt":"2021-04-26T10:14:09","slug":"erasmus","status":"publish","type":"page","link":"https:\/\/www.eoiestepa.es\/?page_id=2230","title":{"rendered":"Erasmus+ en la EOI Estepa"},"content":{"rendered":"<p style=\"text-align: left;\"><a href=\"https:\/\/www.eoiestepa.es\/wp-content\/uploads\/2020\/02\/cofinanciado.png\"><img loading=\"lazy\" decoding=\"async\" class=\"size-medium wp-image-2374 aligncenter\" src=\"https:\/\/www.eoiestepa.es\/wp-content\/uploads\/2020\/02\/cofinanciado-300x73.png\" alt=\"cofinanciado\" width=\"300\" height=\"73\" srcset=\"https:\/\/www.eoiestepa.es\/wp-content\/uploads\/2020\/02\/cofinanciado-300x73.png 300w, https:\/\/www.eoiestepa.es\/wp-content\/uploads\/2020\/02\/cofinanciado-768x187.png 768w, https:\/\/www.eoiestepa.es\/wp-content\/uploads\/2020\/02\/cofinanciado-1024x249.png 1024w, https:\/\/www.eoiestepa.es\/wp-content\/uploads\/2020\/02\/cofinanciado.png 1659w\" sizes=\"auto, (max-width: 300px) 100vw, 300px\" \/><\/a><\/p>\n<p style=\"text-align: left;\"><strong>Nuestra EOI\u00a0participa en un proyecto de movilidad del personal docente al amparo del <a href=\"https:\/\/erasmus.eoiestepa.es\/\" target=\"_blank\" rel=\"noopener\">programa Erasmus+ (Acci\u00f3n KA 104)<\/a><\/strong> que\u00a0incluye dos tipos principales de actividades desarrolladas a lo largo de 19 meses:<\/p>\n<ul>\n<li style=\"text-align: left;\"><strong>Cursos estructurados de formaci\u00f3n<\/strong>, enfocados por un lado a la funci\u00f3n docente.<\/li>\n<li style=\"text-align: left;\"><strong>Gesti\u00f3n del centro<\/strong> (cursos con seminarios y visitas a otras instituciones) ofrecidos en el cat\u00e1logo de Erasmus+ y periodos de observaci\u00f3n en entidades proveedoras de ense\u00f1anza de idiomas a adultos con una trayectoria acad\u00e9mica similar a la de la EOI Estepa.<\/li>\n<\/ul>\n<p style=\"text-align: left;\"><strong>Igualmente forma parte de un intercambio de buenas pr\u00e1cticas incluida tambi\u00e9n en el programa Erasmus+ (KA 204) en colaboraci\u00f3n con centros de Estonia, Portugal y Letonia<\/strong> enfocado en el desarrollo y puesta en com\u00fan de destrezas mayoritariamente digitales en la ense\u00f1anza de adultos, con una duraci\u00f3n de 18 meses y que prev\u00e9 reuniones multinacionales en los distintos pa\u00edses colaboradores.<\/p>\n<p><a href=\"https:\/\/www.project-e-skills.eu\/\">Web del proyecto K204<\/a><\/p>\n<p style=\"text-align: left;\">Esperamos que estas\u00a0movilidades repercutan positivamente\u00a0en los distintos sectores que forman parte de la comunidad educativa (profesorado, alumnado y el entorno) y que supongan\u00a0un valor a\u00f1adido a una ense\u00f1anza de calidad.<\/p>\n<p><a href=\"http:\/\/sepie.es\" target=\"_blank\" rel=\"noopener\"><img loading=\"lazy\" decoding=\"async\" class=\"size-full wp-image-2844 aligncenter\" src=\"https:\/\/www.eoiestepa.es\/wp-content\/uploads\/2021\/04\/sepie.png\" alt=\"\" width=\"235\" height=\"121\" \/><\/a><\/p>\n\n\n<div style=\"height:23px\" aria-hidden=\"true\" class=\"wp-block-spacer\"><\/div>\n\n\n\n<div class=\"wp-block-columns is-layout-flex wp-container-core-columns-is-layout-1 wp-block-columns-is-layout-flex\">\n<div class=\"wp-block-column is-layout-flow wp-block-column-is-layout-flow\">\n<figure class=\"wp-block-image size-large\"><a href=\"https:\/\/www.eoiestepa.es\/?page_id=2\"><img loading=\"lazy\" decoding=\"async\" width=\"600\" height=\"720\" src=\"https:\/\/www.eoiestepa.es\/wp-content\/uploads\/2021\/04\/nuestra_eoi.jpg\" alt=\"\" class=\"wp-image-2897\" srcset=\"https:\/\/www.eoiestepa.es\/wp-content\/uploads\/2021\/04\/nuestra_eoi.jpg 600w, https:\/\/www.eoiestepa.es\/wp-content\/uploads\/2021\/04\/nuestra_eoi-250x300.jpg 250w\" sizes=\"auto, (max-width: 600px) 100vw, 600px\" \/><\/a><\/figure>\n\n\n\n<p class=\"has-text-align-center\" style=\"font-size:18px\">Te mostramos m\u00e1s sobre el Centro de referencia de la Sierra Sur de Sevilla<\/p>\n\n\n\n<div class=\"wp-block-buttons alignfull is-content-justification-center is-layout-flex wp-block-buttons-is-layout-flex\">\n<div class=\"wp-block-button is-style-primary\"><a class=\"wp-block-button__link\" href=\"https:\/\/www.eoiestepa.es\/?page_id=2\">NUESTRA EOI<\/a><\/div>\n<\/div>\n<\/div>\n\n\n\n<div class=\"wp-block-column is-layout-flow wp-block-column-is-layout-flow\">\n<figure class=\"wp-block-image size-large\"><a href=\"https:\/\/www.eoiestepa.es\/?page_id=63\"><img loading=\"lazy\" decoding=\"async\" width=\"600\" height=\"720\" src=\"https:\/\/www.eoiestepa.es\/wp-content\/uploads\/2021\/04\/secretaria.jpg\" alt=\"\" class=\"wp-image-2894\" srcset=\"https:\/\/www.eoiestepa.es\/wp-content\/uploads\/2021\/04\/secretaria.jpg 600w, https:\/\/www.eoiestepa.es\/wp-content\/uploads\/2021\/04\/secretaria-250x300.jpg 250w\" sizes=\"auto, (max-width: 600px) 100vw, 600px\" \/><\/a><\/figure>\n\n\n\n<p class=\"has-text-align-center\" style=\"font-size:18px\">Todo sobre los procedimientos administrativos de inter\u00e9s para nuestros usuarios.<\/p>\n\n\n\n<div class=\"wp-block-buttons alignfull is-content-justification-center is-layout-flex wp-block-buttons-is-layout-flex\">\n<div class=\"wp-block-button is-style-primary\"><a class=\"wp-block-button__link\" href=\"https:\/\/www.eoiestepa.es\/?page_id=63\">secretar\u00eda y cita previa<\/a><\/div>\n<\/div>\n<\/div>\n\n\n\n<div class=\"wp-block-column is-layout-flow wp-block-column-is-layout-flow\">\n<figure class=\"wp-block-image size-large\"><a href=\"https:\/\/www.eoiestepa.es\/?page_id=59\"><img loading=\"lazy\" decoding=\"async\" width=\"600\" height=\"720\" src=\"https:\/\/www.eoiestepa.es\/wp-content\/uploads\/2021\/04\/oferta_formativa.jpg\" alt=\"\" class=\"wp-image-2935\" srcset=\"https:\/\/www.eoiestepa.es\/wp-content\/uploads\/2021\/04\/oferta_formativa.jpg 600w, https:\/\/www.eoiestepa.es\/wp-content\/uploads\/2021\/04\/oferta_formativa-250x300.jpg 250w\" sizes=\"auto, (max-width: 600px) 100vw, 600px\" \/><\/a><\/figure>\n\n\n\n<p class=\"has-text-align-center\" style=\"font-size:18px\">Conoce c\u00f3mo se organizan las distintas ense\u00f1anzas que se ofertan desde la EOI de Estepa.<\/p>\n\n\n\n<div class=\"wp-block-buttons alignfull is-content-justification-center is-layout-flex wp-block-buttons-is-layout-flex\">\n<div class=\"wp-block-button is-style-primary\"><a class=\"wp-block-button__link\" href=\"https:\/\/www.eoiestepa.es\/?page_id=59\">OFERTA FORMATIVA<\/a><\/div>\n<\/div>\n<\/div>\n<\/div>\n","protected":false},"excerpt":{"rendered":"<p>Nuestra EOI\u00a0participa en un proyecto de movilidad del personal docente al amparo del programa Erasmus+ (Acci\u00f3n KA 104) que\u00a0incluye dos tipos principales de actividades desarrolladas a lo largo de 19 meses: Cursos estructurados de formaci\u00f3n, enfocados por un lado a la funci\u00f3n docente. Gesti\u00f3n del centro (cursos con seminarios y visitas a otras instituciones) ofrecidos&hellip;&nbsp;<a href=\"https:\/\/www.eoiestepa.es\/?page_id=2230\" class=\"\" rel=\"bookmark\">Leer m\u00e1s &raquo;<span class=\"screen-reader-text\">Erasmus+ en la EOI Estepa<\/span><\/a><\/p>\n","protected":false},"author":4,"featured_media":0,"parent":0,"menu_order":0,"comment_status":"closed","ping_status":"closed","template":"","meta":{"_acf_changed":false,"neve_meta_sidebar":"","neve_meta_container":"","neve_meta_enable_content_width":"","neve_meta_content_width":0,"neve_meta_title_alignment":"","neve_meta_author_avatar":"","neve_post_elements_order":"","neve_meta_disable_header":"","neve_meta_disable_footer":"","neve_meta_disable_title":"","footnotes":""},"class_list":["post-2230","page","type-page","status-publish","hentry"],"acf":[],"post_mailing_queue_ids":[],"_links":{"self":[{"href":"https:\/\/www.eoiestepa.es\/index.php?rest_route=\/wp\/v2\/pages\/2230","targetHints":{"allow":["GET"]}}],"collection":[{"href":"https:\/\/www.eoiestepa.es\/index.php?rest_route=\/wp\/v2\/pages"}],"about":[{"href":"https:\/\/www.eoiestepa.es\/index.php?rest_route=\/wp\/v2\/types\/page"}],"author":[{"embeddable":true,"href":"https:\/\/www.eoiestepa.es\/index.php?rest_route=\/wp\/v2\/users\/4"}],"replies":[{"embeddable":true,"href":"https:\/\/www.eoiestepa.es\/index.php?rest_route=%2Fwp%2Fv2%2Fcomments&post=2230"}],"version-history":[{"count":11,"href":"https:\/\/www.eoiestepa.es\/index.php?rest_route=\/wp\/v2\/pages\/2230\/revisions"}],"predecessor-version":[{"id":2990,"href":"https:\/\/www.eoiestepa.es\/index.php?rest_route=\/wp\/v2\/pages\/2230\/revisions\/2990"}],"wp:attachment":[{"href":"https:\/\/www.eoiestepa.es\/index.php?rest_route=%2Fwp%2Fv2%2Fmedia&parent=2230"}],"curies":[{"name":"wp","href":"https:\/\/api.w.org\/{rel}","templated":true}]}}