{"id":2397,"date":"2020-08-04T17:34:21","date_gmt":"2020-08-04T16:34:21","guid":{"rendered":"http:\/\/www.eoiestepa.es\/?page_id=2397"},"modified":"2021-04-09T19:26:16","modified_gmt":"2021-04-09T17:26:16","slug":"accion-ka-204-erasmus","status":"publish","type":"page","link":"https:\/\/www.eoiestepa.es\/?page_id=2397","title":{"rendered":"Acci\u00f3n KA 204 Erasmus+"},"content":{"rendered":"<p><a href=\"https:\/\/www.eoiestepa.es\/wp-content\/uploads\/2020\/02\/cofinanciado.png\"><img loading=\"lazy\" decoding=\"async\" class=\"size-medium wp-image-2374 aligncenter\" src=\"https:\/\/www.eoiestepa.es\/wp-content\/uploads\/2020\/02\/cofinanciado-300x73.png\" alt=\"cofinanciado\" width=\"300\" height=\"73\" srcset=\"https:\/\/www.eoiestepa.es\/wp-content\/uploads\/2020\/02\/cofinanciado-300x73.png 300w, https:\/\/www.eoiestepa.es\/wp-content\/uploads\/2020\/02\/cofinanciado-768x187.png 768w, https:\/\/www.eoiestepa.es\/wp-content\/uploads\/2020\/02\/cofinanciado-1024x249.png 1024w, https:\/\/www.eoiestepa.es\/wp-content\/uploads\/2020\/02\/cofinanciado.png 1659w\" sizes=\"auto, (max-width: 300px) 100vw, 300px\" \/><\/a><\/p>\n<p>Nuestra EOI participa en un<strong> intercambio de buenas pr\u00e1cticas incluida en el programa Erasmus+ (KA 204) en colaboraci\u00f3n con centros de Estonia, Portugal y Letonia<\/strong> enfocado en el desarrollo y puesta en com\u00fan de destrezas mayoritariamente digitales en la ense\u00f1anza de adultos, con una duraci\u00f3n de 18 meses y que prev\u00e9 reuniones multinacionales en los distintos pa\u00edses colaboradores.<\/p>\n<p>Esperamos que estas&nbsp;movilidades repercutan positivamente&nbsp;en los distintos sectores que forman parte de la comunidad educativa (profesorado, alumnado y el entorno) y que supongan&nbsp;un valor a\u00f1adido a una ense\u00f1anza de calidad.<\/p>\n<p><a href=\"http:\/\/sepie.es\" target=\"_blank\" rel=\"noopener\"><img loading=\"lazy\" decoding=\"async\" class=\"aligncenter wp-image-2844 size-full\" src=\"https:\/\/www.eoiestepa.es\/wp-content\/uploads\/2021\/04\/sepie.png\" alt=\"\" width=\"235\" height=\"121\"><\/a><\/p>\n<p style=\"text-align: center;\"><\/p>\n\n\n<h2 class=\"has-text-align-center wp-block-heading\"><strong><a href=\"https:\/\/www.project-e-skills.eu\/\" data-type=\"URL\" data-id=\"https:\/\/www.project-e-skills.eu\/\" target=\"_blank\" rel=\"noreferrer noopener\">Accede a la web del Proyecto<\/a><\/strong><\/h2>\n\n\n\n<p class=\"has-text-align-center\"><strong>S\u00edguenos en Facebook<\/strong><\/p>\n\n\n\n<div class=\"wp-block-image\"><figure class=\"aligncenter size-large is-resized\"><a href=\"https:\/\/www.facebook.com\/groups\/484685766255535\" target=\"_blank\" rel=\"noopener\"><img loading=\"lazy\" decoding=\"async\" src=\"https:\/\/www.eoiestepa.es\/wp-content\/uploads\/2021\/03\/grupo_facebook.jpg\" alt=\"\" class=\"wp-image-2757\" width=\"477\" height=\"225\" srcset=\"https:\/\/www.eoiestepa.es\/wp-content\/uploads\/2021\/03\/grupo_facebook.jpg 941w, https:\/\/www.eoiestepa.es\/wp-content\/uploads\/2021\/03\/grupo_facebook-300x142.jpg 300w, https:\/\/www.eoiestepa.es\/wp-content\/uploads\/2021\/03\/grupo_facebook-768x363.jpg 768w\" sizes=\"auto, (max-width: 477px) 100vw, 477px\" \/><\/a><\/figure><\/div>\n\n\n\n<div style=\"height:56px\" aria-hidden=\"true\" class=\"wp-block-spacer\"><\/div>\n","protected":false},"excerpt":{"rendered":"<p>Nuestra EOI participa en un intercambio de buenas pr\u00e1cticas incluida en el programa Erasmus+ (KA 204) en colaboraci\u00f3n con centros de Estonia, Portugal y Letonia enfocado en el desarrollo y puesta en com\u00fan de destrezas mayoritariamente digitales en la ense\u00f1anza de adultos, con una duraci\u00f3n de 18 meses y que prev\u00e9 reuniones multinacionales en los&hellip;&nbsp;<a href=\"https:\/\/www.eoiestepa.es\/?page_id=2397\" class=\"\" rel=\"bookmark\">Leer m\u00e1s &raquo;<span class=\"screen-reader-text\">Acci\u00f3n KA 204 Erasmus+<\/span><\/a><\/p>\n","protected":false},"author":4,"featured_media":0,"parent":0,"menu_order":0,"comment_status":"closed","ping_status":"closed","template":"","meta":{"_acf_changed":false,"neve_meta_sidebar":"","neve_meta_container":"","neve_meta_enable_content_width":"","neve_meta_content_width":0,"neve_meta_title_alignment":"","neve_meta_author_avatar":"","neve_post_elements_order":"","neve_meta_disable_header":"","neve_meta_disable_footer":"","neve_meta_disable_title":"","footnotes":""},"class_list":["post-2397","page","type-page","status-publish","hentry"],"acf":[],"post_mailing_queue_ids":[],"_links":{"self":[{"href":"https:\/\/www.eoiestepa.es\/index.php?rest_route=\/wp\/v2\/pages\/2397","targetHints":{"allow":["GET"]}}],"collection":[{"href":"https:\/\/www.eoiestepa.es\/index.php?rest_route=\/wp\/v2\/pages"}],"about":[{"href":"https:\/\/www.eoiestepa.es\/index.php?rest_route=\/wp\/v2\/types\/page"}],"author":[{"embeddable":true,"href":"https:\/\/www.eoiestepa.es\/index.php?rest_route=\/wp\/v2\/users\/4"}],"replies":[{"embeddable":true,"href":"https:\/\/www.eoiestepa.es\/index.php?rest_route=%2Fwp%2Fv2%2Fcomments&post=2397"}],"version-history":[{"count":10,"href":"https:\/\/www.eoiestepa.es\/index.php?rest_route=\/wp\/v2\/pages\/2397\/revisions"}],"predecessor-version":[{"id":2877,"href":"https:\/\/www.eoiestepa.es\/index.php?rest_route=\/wp\/v2\/pages\/2397\/revisions\/2877"}],"wp:attachment":[{"href":"https:\/\/www.eoiestepa.es\/index.php?rest_route=%2Fwp%2Fv2%2Fmedia&parent=2397"}],"curies":[{"name":"wp","href":"https:\/\/api.w.org\/{rel}","templated":true}]}}