{"id":260,"date":"2013-12-10T18:16:40","date_gmt":"2013-12-10T17:16:40","guid":{"rendered":"http:\/\/www.eoiestepa.es\/?page_id=260"},"modified":"2021-11-03T21:19:44","modified_gmt":"2021-11-03T19:19:44","slug":"galeria-de-imagenes","status":"publish","type":"page","link":"https:\/\/www.eoiestepa.es\/?page_id=260","title":{"rendered":"Galer\u00eda de Im\u00e1genes"},"content":{"rendered":"<p style=\"text-align: center;\"><a href=\"https:\/\/padlet.com\/alicestudentseoi\/805cvvuyi0s3cudh\"><img loading=\"lazy\" decoding=\"async\" class=\"alignnone size-medium wp-image-3186\" src=\"https:\/\/www.eoiestepa.es\/wp-content\/uploads\/2021\/11\/halloween-2021-300x149.png\" alt=\"\" width=\"300\" height=\"149\" srcset=\"https:\/\/www.eoiestepa.es\/wp-content\/uploads\/2021\/11\/halloween-2021-300x149.png 300w, https:\/\/www.eoiestepa.es\/wp-content\/uploads\/2021\/11\/halloween-2021-1024x507.png 1024w, https:\/\/www.eoiestepa.es\/wp-content\/uploads\/2021\/11\/halloween-2021-768x380.png 768w, https:\/\/www.eoiestepa.es\/wp-content\/uploads\/2021\/11\/halloween-2021-1536x761.png 1536w, https:\/\/www.eoiestepa.es\/wp-content\/uploads\/2021\/11\/halloween-2021.png 1902w\" sizes=\"auto, (max-width: 300px) 100vw, 300px\" \/><\/a><\/p>\n<p style=\"text-align: center;\"><a href=\"https:\/\/padlet.com\/alicestudentseoi\/805cvvuyi0s3cudh\">Halloween 2021<\/a><\/p>\n<p style=\"text-align: center;\"><a href=\"https:\/\/www.eoiestepa.es\/wp-content\/uploads\/2013\/12\/Visita-guiada-Estepa.jpg\"><img loading=\"lazy\" decoding=\"async\" class=\"alignnone size-medium wp-image-1885\" src=\"https:\/\/www.eoiestepa.es\/wp-content\/uploads\/2013\/12\/Visita-guiada-Estepa-300x225.jpg\" alt=\"Visita guiada Estepa\" width=\"300\" height=\"225\" srcset=\"https:\/\/www.eoiestepa.es\/wp-content\/uploads\/2013\/12\/Visita-guiada-Estepa-300x225.jpg 300w, https:\/\/www.eoiestepa.es\/wp-content\/uploads\/2013\/12\/Visita-guiada-Estepa-768x576.jpg 768w, https:\/\/www.eoiestepa.es\/wp-content\/uploads\/2013\/12\/Visita-guiada-Estepa-1024x768.jpg 1024w\" sizes=\"auto, (max-width: 300px) 100vw, 300px\" \/><\/a><\/p>\n<p style=\"text-align: center;\"><a href=\"https:\/\/photos.app.goo.gl\/Q97DKJAFTZQceeT48\">Visita guiada en ingl\u00e9s al Cerro de San Crist\u00f3bal<\/a><\/p>\n<p style=\"text-align: center;\"><a href=\"https:\/\/photos.app.goo.gl\/Px8l2sZ5fp6PcK2F2\"><img loading=\"lazy\" decoding=\"async\" class=\"alignnone size-medium wp-image-1844\" src=\"https:\/\/www.eoiestepa.es\/wp-content\/uploads\/2013\/12\/collage-gibraltar-300x233.jpg\" alt=\"collage gibraltar\" width=\"300\" height=\"233\" srcset=\"https:\/\/www.eoiestepa.es\/wp-content\/uploads\/2013\/12\/collage-gibraltar-300x233.jpg 300w, https:\/\/www.eoiestepa.es\/wp-content\/uploads\/2013\/12\/collage-gibraltar-768x595.jpg 768w, https:\/\/www.eoiestepa.es\/wp-content\/uploads\/2013\/12\/collage-gibraltar.jpg 925w\" sizes=\"auto, (max-width: 300px) 100vw, 300px\" \/><\/a><\/p>\n<p style=\"text-align: center;\"><a href=\"https:\/\/photos.app.goo.gl\/Px8l2sZ5fp6PcK2F2\">Visita a Gibraltar<\/a><\/p>\n<p style=\"text-align: center;\"><a href=\"https:\/\/www.eoiestepa.es\/wp-content\/uploads\/2018\/01\/Paz.jpg\"><img loading=\"lazy\" decoding=\"async\" class=\"alignnone size-medium wp-image-1753\" src=\"https:\/\/www.eoiestepa.es\/wp-content\/uploads\/2018\/01\/Paz-300x225.jpg\" alt=\"Paz\" width=\"300\" height=\"225\" srcset=\"https:\/\/www.eoiestepa.es\/wp-content\/uploads\/2018\/01\/Paz-300x225.jpg 300w, https:\/\/www.eoiestepa.es\/wp-content\/uploads\/2018\/01\/Paz-768x576.jpg 768w, https:\/\/www.eoiestepa.es\/wp-content\/uploads\/2018\/01\/Paz-1024x768.jpg 1024w\" sizes=\"auto, (max-width: 300px) 100vw, 300px\" \/><\/a><\/p>\n<p style=\"text-align: center;\"><a href=\"https:\/\/get.google.com\/albumarchive\/114162926581828731219\/album\/AF1QipPi_cY7jrCiV6pMOvXAO9WYpXwPATGv67V5X-kw?source=pwa\">D\u00eda de la Paz 2018<\/a><\/p>\n<p style=\"text-align: center;\"><a href=\"https:\/\/www.eoiestepa.es\/wp-content\/uploads\/2013\/12\/Halloween-2017-copia.jpg\"><img loading=\"lazy\" decoding=\"async\" class=\"alignnone size-medium wp-image-1688\" src=\"https:\/\/www.eoiestepa.es\/wp-content\/uploads\/2013\/12\/Halloween-2017-copia-300x225.jpg\" alt=\"Halloween 2017 - copia\" width=\"300\" height=\"225\" srcset=\"https:\/\/www.eoiestepa.es\/wp-content\/uploads\/2013\/12\/Halloween-2017-copia-300x225.jpg 300w, https:\/\/www.eoiestepa.es\/wp-content\/uploads\/2013\/12\/Halloween-2017-copia-768x576.jpg 768w, https:\/\/www.eoiestepa.es\/wp-content\/uploads\/2013\/12\/Halloween-2017-copia.jpg 1024w\" sizes=\"auto, (max-width: 300px) 100vw, 300px\" \/><\/a><\/p>\n<p style=\"text-align: center;\"><a href=\"https:\/\/photos.app.goo.gl\/6u0LPrjDe6D0WX3g2\">Halloween 2017<\/a><\/p>\n<p style=\"text-align: center;\"><a href=\"https:\/\/www.eoiestepa.es\/wp-content\/uploads\/2017\/03\/Riotinto.jpg\"><img loading=\"lazy\" decoding=\"async\" class=\"alignnone size-medium wp-image-1528\" src=\"https:\/\/www.eoiestepa.es\/wp-content\/uploads\/2017\/03\/Riotinto-300x225.jpg\" alt=\"Riotinto\" width=\"300\" height=\"225\" srcset=\"https:\/\/www.eoiestepa.es\/wp-content\/uploads\/2017\/03\/Riotinto-300x225.jpg 300w, https:\/\/www.eoiestepa.es\/wp-content\/uploads\/2017\/03\/Riotinto-768x576.jpg 768w, https:\/\/www.eoiestepa.es\/wp-content\/uploads\/2017\/03\/Riotinto-1024x768.jpg 1024w\" sizes=\"auto, (max-width: 300px) 100vw, 300px\" \/><\/a><\/p>\n<p style=\"text-align: center;\"><a href=\"https:\/\/goo.gl\/photos\/ysBrXK4Eq72e5Rrt6\">Visita al Parque Minero de Riotinto.<\/a><\/p>\n<p style=\"text-align: center;\"><a href=\"https:\/\/www.eoiestepa.es\/wp-content\/uploads\/2013\/12\/pompidou-2.jpg\"><img loading=\"lazy\" decoding=\"async\" class=\"alignnone size-medium wp-image-1493\" src=\"https:\/\/www.eoiestepa.es\/wp-content\/uploads\/2013\/12\/pompidou-2-300x225.jpg\" alt=\"pompidou (2)\" width=\"300\" height=\"225\" srcset=\"https:\/\/www.eoiestepa.es\/wp-content\/uploads\/2013\/12\/pompidou-2-300x225.jpg 300w, https:\/\/www.eoiestepa.es\/wp-content\/uploads\/2013\/12\/pompidou-2-768x576.jpg 768w, https:\/\/www.eoiestepa.es\/wp-content\/uploads\/2013\/12\/pompidou-2-1024x768.jpg 1024w\" sizes=\"auto, (max-width: 300px) 100vw, 300px\" \/><\/a><\/p>\n<p style=\"text-align: center;\"><a href=\"https:\/\/goo.gl\/photos\/9hzzofa5aTCa61ox7\">Visita al Centro Pompidou de M\u00e1laga<\/a><\/p>\n<p style=\"text-align: center;\"><a href=\"https:\/\/www.eoiestepa.es\/wp-content\/uploads\/2013\/12\/Collages2.jpg\"><img loading=\"lazy\" decoding=\"async\" class=\"alignnone size-medium wp-image-1264\" src=\"https:\/\/www.eoiestepa.es\/wp-content\/uploads\/2013\/12\/Collages2-300x240.jpg\" alt=\"Collages2\" width=\"300\" height=\"240\" srcset=\"https:\/\/www.eoiestepa.es\/wp-content\/uploads\/2013\/12\/Collages2-300x240.jpg 300w, https:\/\/www.eoiestepa.es\/wp-content\/uploads\/2013\/12\/Collages2-1024x819.jpg 1024w\" sizes=\"auto, (max-width: 300px) 100vw, 300px\" \/><\/a><\/p>\n<p style=\"text-align: center;\">Celebraci\u00f3n del D\u00eda Escolar de la Paz y la no violencia<\/p>\n<p style=\"text-align: center;\"><a href=\"https:\/\/www.eoiestepa.es\/wp-content\/uploads\/2016\/01\/Fotos-navidad-collage.jpg\"><img loading=\"lazy\" decoding=\"async\" class=\"alignnone size-medium wp-image-1247\" src=\"https:\/\/www.eoiestepa.es\/wp-content\/uploads\/2016\/01\/Fotos-navidad-collage-300x240.jpg\" alt=\"Fotos navidad collage\" width=\"300\" height=\"240\" srcset=\"https:\/\/www.eoiestepa.es\/wp-content\/uploads\/2016\/01\/Fotos-navidad-collage-300x240.jpg 300w, https:\/\/www.eoiestepa.es\/wp-content\/uploads\/2016\/01\/Fotos-navidad-collage-1024x819.jpg 1024w\" sizes=\"auto, (max-width: 300px) 100vw, 300px\" \/><\/a><\/p>\n<p style=\"text-align: center;\"><a href=\"https:\/\/plus.google.com\/photos\/114162926581828731219\/albums\/6244015449226007473\" target=\"_blank\" rel=\"noopener\">\u00a0<\/a><\/p>\n<p style=\"text-align: center;\"><a href=\"https:\/\/www.eoiestepa.es\/wp-content\/uploads\/2015\/11\/fiesta-navidad.jpg\"><img loading=\"lazy\" decoding=\"async\" class=\"alignnone size-medium wp-image-1203\" src=\"https:\/\/www.eoiestepa.es\/wp-content\/uploads\/2015\/11\/fiesta-navidad-300x210.jpg\" alt=\"fiesta navidad\" width=\"300\" height=\"210\" srcset=\"https:\/\/www.eoiestepa.es\/wp-content\/uploads\/2015\/11\/fiesta-navidad-300x210.jpg 300w, https:\/\/www.eoiestepa.es\/wp-content\/uploads\/2015\/11\/fiesta-navidad-1024x719.jpg 1024w, https:\/\/www.eoiestepa.es\/wp-content\/uploads\/2015\/11\/fiesta-navidad.jpg 1127w\" sizes=\"auto, (max-width: 300px) 100vw, 300px\" \/><\/a><\/p>\n<p style=\"text-align: center;\"><a href=\"https:\/\/drive.google.com\/file\/d\/0B68oJ8AUzIM1SV8wZDRRYmxlTlk\/view?usp=sharing\" target=\"_blank\" rel=\"noopener\"><img loading=\"lazy\" decoding=\"async\" class=\"alignnone size-medium wp-image-1187\" src=\"https:\/\/www.eoiestepa.es\/wp-content\/uploads\/2015\/11\/mantecados-300x183.jpg\" alt=\"mantecados\" width=\"300\" height=\"183\" srcset=\"https:\/\/www.eoiestepa.es\/wp-content\/uploads\/2015\/11\/mantecados-300x183.jpg 300w, https:\/\/www.eoiestepa.es\/wp-content\/uploads\/2015\/11\/mantecados.jpg 628w\" sizes=\"auto, (max-width: 300px) 100vw, 300px\" \/><\/a><\/p>\n<p style=\"text-align: center;\"><a href=\"https:\/\/plus.google.com\/photos\/114162926581828731219\/albums\/6221525492147690241\" target=\"_blank\" rel=\"noopener\">\u00a0<\/a><a href=\"http:\/\/www.youtube.com\/watch?v=V_m89pjwefk\" target=\"_blank\" rel=\"noopener\">The Mask<\/a><\/p>\n<p style=\"text-align: center;\"><a href=\"https:\/\/plus.google.com\/photos\/114162926581828731219\/albums\/6088181972280516657\"><img loading=\"lazy\" decoding=\"async\" class=\"alignnone size-medium wp-image-967\" src=\"https:\/\/www.eoiestepa.es\/wp-content\/uploads\/2014\/12\/Museo-chocolate-gamo-300x240.jpg\" alt=\"Museo chocolate gamo\" width=\"300\" height=\"240\" \/><\/a><\/p>\n<p style=\"text-align: center;\"><a href=\"https:\/\/plus.google.com\/photos\/114162926581828731219\/albums\/6077781384002913025\"><img loading=\"lazy\" decoding=\"async\" class=\"alignnone size-medium wp-image-919\" src=\"https:\/\/www.eoiestepa.es\/wp-content\/uploads\/2014\/11\/Halloween-2014-300x240.jpg\" alt=\"Halloween 2014\" width=\"300\" height=\"240\" srcset=\"https:\/\/www.eoiestepa.es\/wp-content\/uploads\/2014\/11\/Halloween-2014-300x240.jpg 300w, https:\/\/www.eoiestepa.es\/wp-content\/uploads\/2014\/11\/Halloween-2014-1024x819.jpg 1024w\" sizes=\"auto, (max-width: 300px) 100vw, 300px\" \/><\/a><\/p>\n<p style=\"text-align: center;\"><a href=\"https:\/\/plus.google.com\/photos\/114162926581828731219\/albums\/6077781384002913025\" target=\"_blank\" rel=\"noopener\"><strong>\u00a0<\/strong><\/a><\/p>\n<p style=\"text-align: center;\"><a href=\"https:\/\/www.eoiestepa.es\/wp-content\/uploads\/2014\/01\/paz.jpg\"><img loading=\"lazy\" decoding=\"async\" class=\"alignnone size-medium wp-image-550\" src=\"https:\/\/www.eoiestepa.es\/wp-content\/uploads\/2014\/01\/paz-300x200.jpg\" alt=\"paz\" width=\"300\" height=\"200\" srcset=\"https:\/\/www.eoiestepa.es\/wp-content\/uploads\/2014\/01\/paz-300x200.jpg 300w, https:\/\/www.eoiestepa.es\/wp-content\/uploads\/2014\/01\/paz-1024x684.jpg 1024w\" sizes=\"auto, (max-width: 300px) 100vw, 300px\" \/><\/a><\/p>\n<p style=\"text-align: center;\">Recordando a Mandela en el D\u00eda Escolar de la Paz<\/p>\n","protected":false},"excerpt":{"rendered":"<p>Halloween 2021 Visita guiada en ingl\u00e9s al Cerro de San Crist\u00f3bal Visita a Gibraltar D\u00eda de la Paz 2018 Halloween 2017 Visita al Parque Minero de Riotinto. Visita al Centro Pompidou de M\u00e1laga Celebraci\u00f3n del D\u00eda Escolar de la Paz y la no violencia \u00a0 \u00a0The Mask \u00a0 Recordando a Mandela en el D\u00eda Escolar&hellip;&nbsp;<a href=\"https:\/\/www.eoiestepa.es\/?page_id=260\" class=\"\" rel=\"bookmark\">Leer m\u00e1s &raquo;<span class=\"screen-reader-text\">Galer\u00eda de Im\u00e1genes<\/span><\/a><\/p>\n","protected":false},"author":3,"featured_media":0,"parent":0,"menu_order":0,"comment_status":"closed","ping_status":"open","template":"","meta":{"_acf_changed":false,"neve_meta_sidebar":"","neve_meta_container":"","neve_meta_enable_content_width":"","neve_meta_content_width":0,"neve_meta_title_alignment":"","neve_meta_author_avatar":"","neve_post_elements_order":"","neve_meta_disable_header":"","neve_meta_disable_footer":"","neve_meta_disable_title":"","footnotes":""},"class_list":["post-260","page","type-page","status-publish","hentry"],"acf":[],"post_mailing_queue_ids":[],"_links":{"self":[{"href":"https:\/\/www.eoiestepa.es\/index.php?rest_route=\/wp\/v2\/pages\/260","targetHints":{"allow":["GET"]}}],"collection":[{"href":"https:\/\/www.eoiestepa.es\/index.php?rest_route=\/wp\/v2\/pages"}],"about":[{"href":"https:\/\/www.eoiestepa.es\/index.php?rest_route=\/wp\/v2\/types\/page"}],"author":[{"embeddable":true,"href":"https:\/\/www.eoiestepa.es\/index.php?rest_route=\/wp\/v2\/users\/3"}],"replies":[{"embeddable":true,"href":"https:\/\/www.eoiestepa.es\/index.php?rest_route=%2Fwp%2Fv2%2Fcomments&post=260"}],"version-history":[{"count":46,"href":"https:\/\/www.eoiestepa.es\/index.php?rest_route=\/wp\/v2\/pages\/260\/revisions"}],"predecessor-version":[{"id":3188,"href":"https:\/\/www.eoiestepa.es\/index.php?rest_route=\/wp\/v2\/pages\/260\/revisions\/3188"}],"wp:attachment":[{"href":"https:\/\/www.eoiestepa.es\/index.php?rest_route=%2Fwp%2Fv2%2Fmedia&parent=260"}],"curies":[{"name":"wp","href":"https:\/\/api.w.org\/{rel}","templated":true}]}}