{"id":3305,"date":"2022-03-23T19:05:02","date_gmt":"2022-03-23T17:05:02","guid":{"rendered":"https:\/\/www.eoiestepa.es\/?page_id=3305"},"modified":"2025-03-07T11:32:40","modified_gmt":"2025-03-07T09:32:40","slug":"auxiliares-de-conversacion","status":"publish","type":"page","link":"https:\/\/www.eoiestepa.es\/?page_id=3305","title":{"rendered":"Auxiliares"},"content":{"rendered":"\n<p><a href=\"https:\/\/drive.google.com\/file\/d\/1sYbckA8HNRR3ibaey-BzojIhCe8nx5jI\/view?usp=sharing\">Informaci\u00f3n en espa\u00f1ol sobre la EOI Estepa de inter\u00e9s para futuros\/as asistentes de conversaci\u00f3n.<\/a><\/p>\n\n\n\n<p><a href=\"https:\/\/drive.google.com\/file\/d\/14bKOfjMUg1lYITE9vqUgH18z6Hyd6JJd\/view?usp=sharing\">Information about EOI Estepa for would-be language assisstants.<\/a><\/p>\n","protected":false},"excerpt":{"rendered":"<p>Informaci\u00f3n en espa\u00f1ol sobre la EOI Estepa de inter\u00e9s para futuros\/as asistentes de conversaci\u00f3n. Information about EOI Estepa for would-be language assisstants.<\/p>\n","protected":false},"author":4,"featured_media":0,"parent":0,"menu_order":0,"comment_status":"closed","ping_status":"closed","template":"","meta":{"_acf_changed":false,"neve_meta_sidebar":"full-width","neve_meta_container":"","neve_meta_enable_content_width":"on","neve_meta_content_width":100,"neve_meta_title_alignment":"","neve_meta_author_avatar":"","neve_post_elements_order":"","neve_meta_disable_header":"","neve_meta_disable_footer":"","neve_meta_disable_title":"","footnotes":""},"class_list":["post-3305","page","type-page","status-publish","hentry"],"acf":[],"post_mailing_queue_ids":[],"_links":{"self":[{"href":"https:\/\/www.eoiestepa.es\/index.php?rest_route=\/wp\/v2\/pages\/3305","targetHints":{"allow":["GET"]}}],"collection":[{"href":"https:\/\/www.eoiestepa.es\/index.php?rest_route=\/wp\/v2\/pages"}],"about":[{"href":"https:\/\/www.eoiestepa.es\/index.php?rest_route=\/wp\/v2\/types\/page"}],"author":[{"embeddable":true,"href":"https:\/\/www.eoiestepa.es\/index.php?rest_route=\/wp\/v2\/users\/4"}],"replies":[{"embeddable":true,"href":"https:\/\/www.eoiestepa.es\/index.php?rest_route=%2Fwp%2Fv2%2Fcomments&post=3305"}],"version-history":[{"count":4,"href":"https:\/\/www.eoiestepa.es\/index.php?rest_route=\/wp\/v2\/pages\/3305\/revisions"}],"predecessor-version":[{"id":4165,"href":"https:\/\/www.eoiestepa.es\/index.php?rest_route=\/wp\/v2\/pages\/3305\/revisions\/4165"}],"wp:attachment":[{"href":"https:\/\/www.eoiestepa.es\/index.php?rest_route=%2Fwp%2Fv2%2Fmedia&parent=3305"}],"curies":[{"name":"wp","href":"https:\/\/api.w.org\/{rel}","templated":true}]}}