{"id":3415,"date":"2022-06-29T10:32:19","date_gmt":"2022-06-29T08:32:19","guid":{"rendered":"https:\/\/www.eoiestepa.es\/?page_id=3415"},"modified":"2025-01-27T17:47:26","modified_gmt":"2025-01-27T15:47:26","slug":"curso-de-actualizacion-b1-ingles","status":"publish","type":"page","link":"https:\/\/www.eoiestepa.es\/?page_id=3415","title":{"rendered":"Avanza hacia el \u00e9xito profesional con ingl\u00e9s B2"},"content":{"rendered":"\n<p>HORARIO: martes y jueves de 18:45 a 21:00 h.<\/p>\n\n\n\n<figure class=\"wp-block-image size-full\"><a href=\"https:\/\/www.eoiestepa.es\/wp-content\/uploads\/2025\/01\/Copy-of-AVANZA-HACIA-EL-EXITO-PROFESIONAL-CON-INGLES-B2-600-x-600-px-1.png\"><img loading=\"lazy\" decoding=\"async\" width=\"600\" height=\"600\" src=\"https:\/\/www.eoiestepa.es\/wp-content\/uploads\/2025\/01\/Copy-of-AVANZA-HACIA-EL-EXITO-PROFESIONAL-CON-INGLES-B2-600-x-600-px-1.png\" alt=\"\" class=\"wp-image-4137\" srcset=\"https:\/\/www.eoiestepa.es\/wp-content\/uploads\/2025\/01\/Copy-of-AVANZA-HACIA-EL-EXITO-PROFESIONAL-CON-INGLES-B2-600-x-600-px-1.png 600w, https:\/\/www.eoiestepa.es\/wp-content\/uploads\/2025\/01\/Copy-of-AVANZA-HACIA-EL-EXITO-PROFESIONAL-CON-INGLES-B2-600-x-600-px-1-300x300.png 300w, https:\/\/www.eoiestepa.es\/wp-content\/uploads\/2025\/01\/Copy-of-AVANZA-HACIA-EL-EXITO-PROFESIONAL-CON-INGLES-B2-600-x-600-px-1-150x150.png 150w\" sizes=\"auto, (max-width: 600px) 100vw, 600px\" \/><\/a><\/figure>\n\n\n\n<p><strong><em>PLAZO  DE <\/em> MATR\u00cdCULA del 03 al 07 de febrero de 2025<\/strong><\/p>\n\n\n\n<p><strong><u>DOCUMENTOS PARA FORMALIZAR LA MATR\u00cdCULA OFICIAL UNA VEZ FINALIZADO EL PROCESO DE ADMISI\u00d3N(PLAZO DE MATR\u00cdCULA DEL 01 AL 12 DE SEPTIEMBRE)<\/u><\/strong><\/p>\n\n\n\n<ul class=\"wp-block-list\">\n<li>Fotocopia del D.N.I. (m\u00e1s fotocopia del D.N.I. del padre o madre, en el caso de menores)<\/li>\n\n\n\n<li>&nbsp;Impreso de matr\u00edcula debidamente cumplimentado.<\/li>\n\n\n\n<li>&nbsp;Resguardo de haber pagado las tasas acad\u00e9micas (modelo 046) <\/li>\n\n\n\n<li>&nbsp;Fotocopia de T\u00edtulo de Familia Numerosa en vigor (si procede)<\/li>\n\n\n\n<li>&nbsp;Documento justificativo de la discapacidad<\/li>\n<\/ul>\n\n\n\n<p><strong><u>C\u00d3MO REALIZAR LA MATRICULA<\/u><\/strong><\/p>\n\n\n\n<p>Presencialmente en la Secretar\u00eda de la E.O.I. RELLENE EL IMPRESO <a href=\"https:\/\/drive.google.com\/file\/d\/1wfLCOZMl28KAWMk2mOiJqMlt8jS6HQNp\/view?usp=sharing\">PULSE AQUI<\/a> Y PRESENTE EN LA SECRETARIA DEL CENTRO <\/p>\n\n\n\n<p>PARA EL ALUMNADO QUE PRESENTE LA MATRICULA FISICAMENTE EN SECRETAR\u00cdA, ENLACE PARA OBTENER EL MODELO DE PAGO DE TASAS 046. <a href=\"https:\/\/www.juntadeandalucia.es\/economiayhacienda\/apl\/surweb\/modelos\/modelo046\/046.jsp\">(PINCHE AQUI PARA RELLENAR)<\/a><\/p>\n\n\n\n<ul class=\"wp-block-list\">\n<li>Validar. Imprimir. Pagar en el Banco o Caja. Entregar en la E.O.I. el \u201cEjemplar para la Administraci\u00f3n\u201d.<\/li>\n<\/ul>\n\n\n\n<ul class=\"wp-block-list\">\n<li>Si el pago se realiza por medios electr\u00f3nicos tendr\u00e1n derecho a una bonificaci\u00f3n del 10% sobre la cuota a ingresar (<em><u>marcar la casilla que hay justo al lado del importe, para solicitar la bonificaci\u00f3n)<\/u><\/em><\/li>\n<\/ul>\n\n\n\n<p><strong><u>INSTRUCCIONES PARA RELLENAR EL MODELO 046<\/u><\/strong><\/p>\n\n\n\n<ol style=\"list-style-type:lower-alpha\" class=\"wp-block-list\">\n<li>OBLIGADO AL PAGO: Datos del alumno\/a<\/li>\n\n\n\n<li>DATOS GENERALES: &#8211; Marcar AUTOLIQUIDACI\u00d3N<\/li>\n\n\n\n<li>DESCRIPCI\u00d3N: Escribir el siguiente texto: <strong>Matr\u00edcula en CAPE \u201cCURSO B2 CUATRIMESTRAL\u201d<\/strong><\/li>\n\n\n\n<li>C\u00d3DIGO TERRITORIAL:&nbsp;&nbsp; <strong>ED 4193<\/strong><\/li>\n\n\n\n<li>CONCEPTO DE PAGO: &nbsp;&nbsp;&nbsp;&nbsp;<strong>0026<\/strong><\/li>\n<\/ol>\n\n\n\n<figure class=\"wp-block-image size-large\"><a href=\"https:\/\/www.eoiestepa.es\/wp-content\/uploads\/2024\/01\/tasas_cape.png\"><img decoding=\"async\" src=\"https:\/\/docs.google.com\/document\/d\/13cSoSA7t5ba7RYZBZ3Yz5K003kti3K6I\/edit?usp=sharing&amp;ouid=109222130782823948357&amp;rtpof=true&amp;sd=true\" alt=\"\"\/><\/a><\/figure>\n\n\n\n<figure class=\"wp-block-image size-full\"><a href=\"https:\/\/www.eoiestepa.es\/wp-content\/uploads\/2025\/01\/tasascape2025.png\"><img loading=\"lazy\" decoding=\"async\" width=\"878\" height=\"250\" src=\"https:\/\/www.eoiestepa.es\/wp-content\/uploads\/2025\/01\/tasascape2025.png\" alt=\"\" class=\"wp-image-4134\" srcset=\"https:\/\/www.eoiestepa.es\/wp-content\/uploads\/2025\/01\/tasascape2025.png 878w, https:\/\/www.eoiestepa.es\/wp-content\/uploads\/2025\/01\/tasascape2025-300x85.png 300w, https:\/\/www.eoiestepa.es\/wp-content\/uploads\/2025\/01\/tasascape2025-768x219.png 768w\" sizes=\"auto, (max-width: 878px) 100vw, 878px\" \/><\/a><\/figure>\n\n\n\n<p><strong><em><u>EXENTOS DEL PAGO DE LAS TASAS:<\/u><\/em><\/strong> &#8211;<\/p>\n\n\n\n<ul class=\"wp-block-list\">\n<li>&nbsp;Alumnado familia numerosa <strong>especial <\/strong>(adjuntar fotocopia que lo acredite)<\/li>\n\n\n\n<li>&nbsp;Las personas con <strong>discapacidad<\/strong> en un grado igual o superior al 33% (adjuntar fotocopia que lo acredite).<\/li>\n<\/ul>\n","protected":false},"excerpt":{"rendered":"<p>HORARIO: martes y jueves de 18:45 a 21:00 h. PLAZO DE MATR\u00cdCULA del 03 al 07 de febrero de 2025 DOCUMENTOS PARA FORMALIZAR LA MATR\u00cdCULA OFICIAL UNA VEZ FINALIZADO EL PROCESO DE ADMISI\u00d3N(PLAZO DE MATR\u00cdCULA DEL 01 AL 12 DE SEPTIEMBRE) C\u00d3MO REALIZAR LA MATRICULA Presencialmente en la Secretar\u00eda de la E.O.I. RELLENE EL IMPRESO&hellip;&nbsp;<a href=\"https:\/\/www.eoiestepa.es\/?page_id=3415\" class=\"\" rel=\"bookmark\">Leer m\u00e1s &raquo;<span class=\"screen-reader-text\">Avanza hacia el \u00e9xito profesional con ingl\u00e9s B2<\/span><\/a><\/p>\n","protected":false},"author":4,"featured_media":4119,"parent":0,"menu_order":0,"comment_status":"closed","ping_status":"closed","template":"","meta":{"_acf_changed":false,"neve_meta_sidebar":"full-width","neve_meta_container":"","neve_meta_enable_content_width":"on","neve_meta_content_width":100,"neve_meta_title_alignment":"","neve_meta_author_avatar":"","neve_post_elements_order":"","neve_meta_disable_header":"","neve_meta_disable_footer":"","neve_meta_disable_title":"","footnotes":""},"class_list":["post-3415","page","type-page","status-publish","has-post-thumbnail","hentry"],"acf":[],"post_mailing_queue_ids":[],"_links":{"self":[{"href":"https:\/\/www.eoiestepa.es\/index.php?rest_route=\/wp\/v2\/pages\/3415","targetHints":{"allow":["GET"]}}],"collection":[{"href":"https:\/\/www.eoiestepa.es\/index.php?rest_route=\/wp\/v2\/pages"}],"about":[{"href":"https:\/\/www.eoiestepa.es\/index.php?rest_route=\/wp\/v2\/types\/page"}],"author":[{"embeddable":true,"href":"https:\/\/www.eoiestepa.es\/index.php?rest_route=\/wp\/v2\/users\/4"}],"replies":[{"embeddable":true,"href":"https:\/\/www.eoiestepa.es\/index.php?rest_route=%2Fwp%2Fv2%2Fcomments&post=3415"}],"version-history":[{"count":33,"href":"https:\/\/www.eoiestepa.es\/index.php?rest_route=\/wp\/v2\/pages\/3415\/revisions"}],"predecessor-version":[{"id":4139,"href":"https:\/\/www.eoiestepa.es\/index.php?rest_route=\/wp\/v2\/pages\/3415\/revisions\/4139"}],"wp:featuredmedia":[{"embeddable":true,"href":"https:\/\/www.eoiestepa.es\/index.php?rest_route=\/wp\/v2\/media\/4119"}],"wp:attachment":[{"href":"https:\/\/www.eoiestepa.es\/index.php?rest_route=%2Fwp%2Fv2%2Fmedia&parent=3415"}],"curies":[{"name":"wp","href":"https:\/\/api.w.org\/{rel}","templated":true}]}}