{"id":3572,"date":"2022-12-19T20:06:50","date_gmt":"2022-12-19T18:06:50","guid":{"rendered":"https:\/\/www.eoiestepa.es\/?page_id=3572"},"modified":"2026-04-22T13:29:15","modified_gmt":"2026-04-22T11:29:15","slug":"curso-de-preparacion-pec-b2","status":"publish","type":"page","link":"https:\/\/www.eoiestepa.es\/?page_id=3572","title":{"rendered":"CURSO DE PR\u00c1CTICA ORAL B1 INGL\u00c9S"},"content":{"rendered":"\n<figure class=\"wp-block-image size-full\"><a href=\"https:\/\/www.eoiestepa.es\/wp-content\/uploads\/2026\/04\/A-student-speaks-confidently-in-front-of-his-student-group-1024x624-2.jpg\"><img loading=\"lazy\" decoding=\"async\" width=\"1024\" height=\"624\" src=\"https:\/\/www.eoiestepa.es\/wp-content\/uploads\/2026\/04\/A-student-speaks-confidently-in-front-of-his-student-group-1024x624-2.jpg\" alt=\"\" class=\"wp-image-4554\" srcset=\"https:\/\/www.eoiestepa.es\/wp-content\/uploads\/2026\/04\/A-student-speaks-confidently-in-front-of-his-student-group-1024x624-2.jpg 1024w, https:\/\/www.eoiestepa.es\/wp-content\/uploads\/2026\/04\/A-student-speaks-confidently-in-front-of-his-student-group-1024x624-2-300x183.jpg 300w, https:\/\/www.eoiestepa.es\/wp-content\/uploads\/2026\/04\/A-student-speaks-confidently-in-front-of-his-student-group-1024x624-2-768x468.jpg 768w\" sizes=\"auto, (max-width: 1024px) 100vw, 1024px\" \/><\/a><\/figure>\n\n\n\n<p><\/p>\n\n\n\n<p>Este curso est\u00e1<strong> dirigido<\/strong> a personas con un nivel adquirido de competencia de lengua de al menos B1 consolidado que quieran mantener o reactivar la competencia oral en un nivel B1 o superior.<\/p>\n\n\n\n<p>La <strong>duraci\u00f3n<\/strong> del curso es anual en sesiones semanales de 4 horas y media, repartidas en dos horas y cuarto por d\u00eda dos d\u00edas a la semana alternos en turno de tarde. Con una carga lectiva de 150 horas.<\/p>\n\n\n\n<p><strong>REQUISITOS PARA PODER SOLICITARLO<\/strong><\/p>\n\n\n\n<p>Para el acceso a los cursos regulados en la presente orden ser\u00e1 requisito imprescindible tener diecis\u00e9is a\u00f1os o cumplirlos en el a\u00f1o natural en que se comiencen los estudios.&nbsp;<\/p>\n\n\n\n<p>Para poder cursar el CAPE B1 se ha de acreditar que est\u00e1n en posesi\u00f3n del nivel Intermedio B1 de ingl\u00e9s o acreditar tener las competencias suficientes al nivel B1 por medio de prueba a realizar en la Escuela.<\/p>\n\n\n\n<p><strong>\u00bfC\u00d3MO PUEDO PEDIR PLAZA?<\/strong><\/p>\n\n\n\n<p>Para realizar los cursos CAPE se realizan dos procesos los cuales son:<\/p>\n\n\n\n<p>Debe realizar su solicitud de Admisi\u00f3n a trav\u00e9s de:<\/p>\n\n\n\n<ul class=\"wp-block-list\">\n<li>(OPCI\u00d3N PRIORITARIA)&nbsp;<a href=\"https:\/\/www.juntadeandalucia.es\/educacion\/secretariavirtual\/\">Secretar\u00eda Virtual de centros docentes andaluces<\/a>, en la secci\u00f3n solicitudes, Admisi\u00f3n en Escuelas Oficiales de Idiomas (alumnado ordinario, modalidades presencial y semipresencial, no CAL) con certificado digital, con la autenticaci\u00f3n Cl@ve o con el Identificador Educativo Andaluz (IANDE) a trav\u00e9s del enlace anterior.<\/li>\n\n\n\n<li>Tambi\u00e9n puede realizar la solicitud de plaza directamente en nuestro centro en horario de secretar\u00eda.<\/li>\n<\/ul>\n\n\n\n<p><strong>CALENDARIO DE ADMISI\u00d3N<\/strong><\/p>\n\n\n\n<p>1-20 mayo: Presentaci\u00f3n de solicitudes<\/p>\n\n\n\n<p>9 junio: Publicaci\u00f3n de la relaci\u00f3n baremada de solicitudes<\/p>\n\n\n\n<p>10-23 junio: subsanaci\u00f3n de solicitudes desestimadas<\/p>\n\n\n\n<p>24 junio: Publicaci\u00f3n de la resoluci\u00f3n definitiva del procedimiento de admisi\u00f3n<\/p>\n\n\n\n<p>1-10 julio: Plazo de matriculaci\u00f3n<\/p>\n\n\n\n<p><\/p>\n","protected":false},"excerpt":{"rendered":"<p>Este curso est\u00e1 dirigido a personas con un nivel adquirido de competencia de lengua de al menos B1 consolidado que quieran mantener o reactivar la competencia oral en un nivel B1 o superior. La duraci\u00f3n del curso es anual en sesiones semanales de 4 horas y media, repartidas en dos horas y cuarto por d\u00eda&hellip;&nbsp;<a href=\"https:\/\/www.eoiestepa.es\/?page_id=3572\" class=\"\" rel=\"bookmark\">Leer m\u00e1s &raquo;<span class=\"screen-reader-text\">CURSO DE PR\u00c1CTICA ORAL B1 INGL\u00c9S<\/span><\/a><\/p>\n","protected":false},"author":4,"featured_media":4570,"parent":0,"menu_order":0,"comment_status":"closed","ping_status":"closed","template":"","meta":{"_acf_changed":false,"neve_meta_sidebar":"full-width","neve_meta_container":"","neve_meta_enable_content_width":"on","neve_meta_content_width":100,"neve_meta_title_alignment":"","neve_meta_author_avatar":"","neve_post_elements_order":"","neve_meta_disable_header":"","neve_meta_disable_footer":"","neve_meta_disable_title":"","footnotes":""},"class_list":["post-3572","page","type-page","status-publish","has-post-thumbnail","hentry"],"acf":[],"post_mailing_queue_ids":[],"_links":{"self":[{"href":"https:\/\/www.eoiestepa.es\/index.php?rest_route=\/wp\/v2\/pages\/3572","targetHints":{"allow":["GET"]}}],"collection":[{"href":"https:\/\/www.eoiestepa.es\/index.php?rest_route=\/wp\/v2\/pages"}],"about":[{"href":"https:\/\/www.eoiestepa.es\/index.php?rest_route=\/wp\/v2\/types\/page"}],"author":[{"embeddable":true,"href":"https:\/\/www.eoiestepa.es\/index.php?rest_route=\/wp\/v2\/users\/4"}],"replies":[{"embeddable":true,"href":"https:\/\/www.eoiestepa.es\/index.php?rest_route=%2Fwp%2Fv2%2Fcomments&post=3572"}],"version-history":[{"count":11,"href":"https:\/\/www.eoiestepa.es\/index.php?rest_route=\/wp\/v2\/pages\/3572\/revisions"}],"predecessor-version":[{"id":4567,"href":"https:\/\/www.eoiestepa.es\/index.php?rest_route=\/wp\/v2\/pages\/3572\/revisions\/4567"}],"wp:featuredmedia":[{"embeddable":true,"href":"https:\/\/www.eoiestepa.es\/index.php?rest_route=\/wp\/v2\/media\/4570"}],"wp:attachment":[{"href":"https:\/\/www.eoiestepa.es\/index.php?rest_route=%2Fwp%2Fv2%2Fmedia&parent=3572"}],"curies":[{"name":"wp","href":"https:\/\/api.w.org\/{rel}","templated":true}]}}