{"id":4285,"date":"2025-06-30T10:51:51","date_gmt":"2025-06-30T08:51:51","guid":{"rendered":"https:\/\/www.eoiestepa.es\/?page_id=4285"},"modified":"2025-10-17T13:28:02","modified_gmt":"2025-10-17T11:28:02","slug":"ingles-atencion-al-publico-basico","status":"publish","type":"page","link":"https:\/\/www.eoiestepa.es\/?page_id=4285","title":{"rendered":"INGL\u00c9S ATENCI\u00d3N AL P\u00daBLICO B\u00c1SICO"},"content":{"rendered":"\n<h2 class=\"wp-block-heading has-text-align-center\"><mark style=\"background-color:var(--nv-c-1)\" class=\"has-inline-color has-neve-text-color-color\">CURSO 2025\/2026<\/mark><\/h2>\n\n\n\n<p><strong><em><u>PLAZO<\/u>&nbsp;ORDINARIO:<\/em><\/strong>&nbsp;<mark><strong><strong><em><mark style=\"background-color:var(--nv-c-1)\" class=\"has-inline-color\">DEL 1 AL 10 DE JULIO<\/mark><\/em><\/strong><\/strong><\/mark><\/p>\n\n\n\n<p>Horario de entrega: <\/p>\n\n\n\n<p>LUNES Y MARTES DE 16:00 A 20:00 HORAS<\/p>\n\n\n\n<p>MI\u00c9RCOLES, JUEVES Y VIERNES DE 10:00 A 14:00 HORAS.<\/p>\n\n\n\n<p><strong><u>\u00bfQUI\u00c9N DEBE MATRICULARSE?<\/u><\/strong><\/p>\n\n\n\n<ul class=\"wp-block-list\">\n<li>Los alumnos admitidos en las listas definitivas publicadas en el tabl\u00f3n de anuncios de esta Escuela Oficial de Idiomas.<\/li>\n\n\n\n<li>El alumnado que haya accedido por prueba de nivel.<\/li>\n\n\n\n<li><\/li>\n\n\n\n<li><strong><u>DOCUMENTOS PARA FORMALIZAR LA MATR\u00cdCULA<\/u><\/strong><\/li>\n\n\n\n<li>Fotocopia del D.N.I. (m\u00e1s fotocopia del D.N.I. del padre o madre, en el caso de menores)<\/li>\n\n\n\n<li>Impreso de matr\u00edcula debidamente cumplimentado.<\/li>\n\n\n\n<li>Resguardo de haber pagado las tasas acad\u00e9micas (modelo 046) (fecha de pago entre el 1 y el 10 de julio).<\/li>\n\n\n\n<li>Fotocopia de T\u00edtulo de Familia Numerosa en vigor (si procede)<\/li>\n\n\n\n<li>Documento justificativo de la discapacidad<\/li>\n<\/ul>\n\n\n\n<p><strong><u>C\u00d3MO REALIZAR LA MATRICULA<\/u><\/strong><\/p>\n\n\n\n<ol class=\"wp-block-list\">\n<li>(S\u00d3LO PARA ALUMNADO QUE HA SOLICITADO PLAZA POR LA SECRETAR\u00cdA VIRTUAL). A trav\u00e9s de la&nbsp;<strong><u>Secretar\u00eda Virtual<\/u><\/strong>, en el siguiente enlace.&nbsp;<a href=\"https:\/\/www.juntadeandalucia.es\/educacion\/secretariavirtual\/accesoTramite\/225\/\">PULSE AQUI.<\/a>&nbsp;<\/li>\n<\/ol>\n\n\n\n<p>2. Presencialmente en la Secretar\u00eda de la E.O.I. RELLENAR IMPRESO&nbsp;<a href=\"https:\/\/drive.google.com\/file\/d\/11RVn3rKMnbwFhWu3XWxYAJr7MuPdvzBC\/view?usp=sharing\">(PULSE AQUI)<\/a>&nbsp;Y PRESENTAR EN LA SECRETARIA DEL CENTRO<\/p>\n\n\n\n<p>PARA EL ALUMNADO QUE PRESENTE LA MATRICULA F\u00cdSICAMENTE EN SECRETAR\u00cdA, ENLACE PARA OBTENER EL MODELO DE PAGO DE TASAS 046.&nbsp;<a rel=\"noreferrer noopener\" href=\"https:\/\/www.juntadeandalucia.es\/economiayhacienda\/apl\/surweb\/modelos\/modelo046\/046.jsp\" target=\"_blank\">(PINCHE AQUI PARA RELLENAR)<\/a><\/p>\n\n\n\n<ul class=\"wp-block-list\">\n<li>Validar e Imprimir. Pagar en el Banco\/Caja f\u00edsicamente u online con tarjeta de cr\u00e9dito. Entregar en la E.O.I. el \u201cEjemplar para la Administraci\u00f3n\u201d.<\/li>\n\n\n\n<li>Si el pago se realiza por medios electr\u00f3nicos tendr\u00e1n derecho a una bonificaci\u00f3n del 10% sobre la cuota a ingresar (<em><u>marcar la casilla que hay justo al lado del importe, para solicitar la bonificaci\u00f3n)<\/u><\/em><\/li>\n<\/ul>\n\n\n\n<p><strong><u>INSTRUCCIONES PARA RELLENAR EL MODELO 046<\/u><\/strong><\/p>\n\n\n\n<ol class=\"wp-block-list\">\n<li>OBLIGADO AL PAGO: Datos del alumno\/a<\/li>\n\n\n\n<li>DATOS GENERALES: \u2013 Marcar AUTOLIQUIDACI\u00d3N<\/li>\n\n\n\n<li>DESCRIPCI\u00d3N: Escribir el siguiente texto:&nbsp;<strong>Matr\u00edcula en\u2026<sup>(INDICAR &nbsp;CURSO\/MODALIDAD E IDIOMA)<\/sup>\u2026curso 2025-2026<\/strong><\/li>\n\n\n\n<li>FECHA DE DEVENGO: d\u00eda del pago<\/li>\n\n\n\n<li>C\u00d3DIGO TERRITORIAL:&nbsp;&nbsp;&nbsp;<strong>ED 4193<\/strong><\/li>\n\n\n\n<li>CONCEPTO DE PAGO: &nbsp;&nbsp;&nbsp;&nbsp;<strong>0026<\/strong><\/li>\n<\/ol>\n\n\n\n<p class=\"has-text-align-center\"><mark><strong><strong><mark style=\"background-color:var(--nv-c-1)\" class=\"has-inline-color\">TASAS A\u00d1O 2025<\/mark><\/strong><\/strong><\/mark><\/p>\n\n\n\n\n\n<figure class=\"wp-block-table\"><table class=\"has-fixed-layout\"><tbody><tr><td><\/td><td><strong>CAPE<\/strong><\/td><td><strong>Familia numerosa general<\/strong><\/td><\/tr><tr><td><strong>Nuevo\/a alumno\/a<\/strong><\/td><td>79,81 \u20ac<\/td><td>39,90 \u20ac<\/td><\/tr><tr><td><strong>Antiguo\/a alumno\/a<\/strong><\/td><td>57,88 \u20ac<\/td><td>28,94 \u20ac<\/td><\/tr><\/tbody><\/table><\/figure>\n","protected":false},"excerpt":{"rendered":"<p>CURSO 2025\/2026 PLAZO&nbsp;ORDINARIO:&nbsp;DEL 1 AL 10 DE JULIO Horario de entrega: LUNES Y MARTES DE 16:00 A 20:00 HORAS MI\u00c9RCOLES, JUEVES Y VIERNES DE 10:00 A 14:00 HORAS. \u00bfQUI\u00c9N DEBE MATRICULARSE? C\u00d3MO REALIZAR LA MATRICULA 2. Presencialmente en la Secretar\u00eda de la E.O.I. RELLENAR IMPRESO&nbsp;(PULSE AQUI)&nbsp;Y PRESENTAR EN LA SECRETARIA DEL CENTRO PARA EL ALUMNADO&hellip;&nbsp;<a href=\"https:\/\/www.eoiestepa.es\/?page_id=4285\" class=\"\" rel=\"bookmark\">Leer m\u00e1s &raquo;<span class=\"screen-reader-text\">INGL\u00c9S ATENCI\u00d3N AL P\u00daBLICO B\u00c1SICO<\/span><\/a><\/p>\n","protected":false},"author":4,"featured_media":0,"parent":0,"menu_order":0,"comment_status":"closed","ping_status":"closed","template":"","meta":{"_acf_changed":false,"neve_meta_sidebar":"","neve_meta_container":"","neve_meta_enable_content_width":"","neve_meta_content_width":0,"neve_meta_title_alignment":"","neve_meta_author_avatar":"","neve_post_elements_order":"","neve_meta_disable_header":"","neve_meta_disable_footer":"","neve_meta_disable_title":"","footnotes":""},"class_list":["post-4285","page","type-page","status-publish","hentry"],"acf":[],"post_mailing_queue_ids":[],"_links":{"self":[{"href":"https:\/\/www.eoiestepa.es\/index.php?rest_route=\/wp\/v2\/pages\/4285","targetHints":{"allow":["GET"]}}],"collection":[{"href":"https:\/\/www.eoiestepa.es\/index.php?rest_route=\/wp\/v2\/pages"}],"about":[{"href":"https:\/\/www.eoiestepa.es\/index.php?rest_route=\/wp\/v2\/types\/page"}],"author":[{"embeddable":true,"href":"https:\/\/www.eoiestepa.es\/index.php?rest_route=\/wp\/v2\/users\/4"}],"replies":[{"embeddable":true,"href":"https:\/\/www.eoiestepa.es\/index.php?rest_route=%2Fwp%2Fv2%2Fcomments&post=4285"}],"version-history":[{"count":13,"href":"https:\/\/www.eoiestepa.es\/index.php?rest_route=\/wp\/v2\/pages\/4285\/revisions"}],"predecessor-version":[{"id":4414,"href":"https:\/\/www.eoiestepa.es\/index.php?rest_route=\/wp\/v2\/pages\/4285\/revisions\/4414"}],"wp:attachment":[{"href":"https:\/\/www.eoiestepa.es\/index.php?rest_route=%2Fwp%2Fv2%2Fmedia&parent=4285"}],"curies":[{"name":"wp","href":"https:\/\/api.w.org\/{rel}","templated":true}]}}