{"id":574,"date":"2014-02-06T17:19:37","date_gmt":"2014-02-06T16:19:37","guid":{"rendered":"http:\/\/www.eoiestepa.es\/?page_id=574"},"modified":"2026-01-27T21:50:56","modified_gmt":"2026-01-27T19:50:56","slug":"tasas-academicas","status":"publish","type":"page","link":"https:\/\/www.eoiestepa.es\/?page_id=574","title":{"rendered":"Tasas acad\u00e9micas"},"content":{"rendered":"<p><strong>TASAS ACAD\u00c9MICAS\u00a0<\/strong><\/p>\n<p><a href=\"https:\/\/drive.google.com\/file\/d\/17TSt0Ah4Vak-gjo2tvjj5Ghl8PBra1i6\/view?usp=sharing\">Pincha aqu\u00ed para conocer las tasas acad\u00e9micas del a\u00f1o 2026<\/a><\/p>\n<p><strong>Devoluci\u00f3n de Tasas Acad\u00e9micas:<\/strong><\/p>\n<p>La Devoluci\u00f3n de Tasas acad\u00e9micas se podr\u00e1 solicitar para los casos de obtenci\u00f3n de la Beca y por errores atribuidos a la administraci\u00f3n.<\/p>\n<p>Para solicitar la devoluci\u00f3n de tasas debe presentar la solicitud debidamente cumplimentada, adem\u00e1s de fotocopia del D.N.I. (en vigor), originales del Modelo 046 de pago de las tasas y certificaci\u00f3n del banco con el n\u00famero de cuenta, seg\u00fan modelo que se adjunta.<\/p>\n<p>Enlace:\u00a0<a title=\"Devoluci\u00f3n de Tasas\" href=\"https:\/\/docs.google.com\/file\/d\/0B68oJ8AUzIM1cmo3X2pEejJnNUE\/edit\" target=\"_blank\" rel=\"noopener\">Solicitud de Devoluci\u00f3n de Tasas<\/a><\/p>\n\n\n<div style=\"height:60px\" aria-hidden=\"true\" class=\"wp-block-spacer\"><\/div>\n\n\n\n<div class=\"wp-block-columns is-layout-flex wp-container-core-columns-is-layout-1 wp-block-columns-is-layout-flex\">\n<div class=\"wp-block-column is-layout-flow wp-block-column-is-layout-flow\">\n<figure class=\"wp-block-image size-large\"><a href=\"https:\/\/www.eoiestepa.es\/?page_id=2230\"><img loading=\"lazy\" decoding=\"async\" width=\"600\" height=\"720\" src=\"https:\/\/www.eoiestepa.es\/wp-content\/uploads\/2021\/04\/erasmus.jpg\" alt=\"\" class=\"wp-image-2936\" srcset=\"https:\/\/www.eoiestepa.es\/wp-content\/uploads\/2021\/04\/erasmus.jpg 600w, https:\/\/www.eoiestepa.es\/wp-content\/uploads\/2021\/04\/erasmus-250x300.jpg 250w\" sizes=\"auto, (max-width: 600px) 100vw, 600px\" \/><\/a><\/figure>\n\n\n\n<p class=\"has-text-align-center\" style=\"font-size:18px\">Participamos en el proyecto de movilidad del personal docente. Accede al blog para saber m\u00e1s.<\/p>\n\n\n\n<div class=\"wp-block-buttons alignfull is-content-justification-center is-layout-flex wp-block-buttons-is-layout-flex\">\n<div class=\"wp-block-button is-style-primary\"><a class=\"wp-block-button__link\" href=\"https:\/\/www.eoiestepa.es\/?page_id=2230\">blog de erasmus+<\/a><\/div>\n<\/div>\n<\/div>\n\n\n\n<div class=\"wp-block-column is-layout-flow wp-block-column-is-layout-flow\">\n<figure class=\"wp-block-image size-large\"><a href=\"https:\/\/www.eoiestepa.es\/?page_id=1804\"><img loading=\"lazy\" decoding=\"async\" width=\"600\" height=\"720\" src=\"https:\/\/www.eoiestepa.es\/wp-content\/uploads\/2021\/04\/becas-1.jpg\" alt=\"\" class=\"wp-image-2896\" srcset=\"https:\/\/www.eoiestepa.es\/wp-content\/uploads\/2021\/04\/becas-1.jpg 600w, https:\/\/www.eoiestepa.es\/wp-content\/uploads\/2021\/04\/becas-1-250x300.jpg 250w\" sizes=\"auto, (max-width: 600px) 100vw, 600px\" \/><\/a><\/figure>\n\n\n\n<p class=\"has-text-align-center\" style=\"font-size:18px\">Ayudas y becas de las distintas administraciones nacionales y extranjeras para alumnado<\/p>\n\n\n\n<div class=\"wp-block-buttons alignfull is-content-justification-center is-layout-flex wp-block-buttons-is-layout-flex\">\n<div class=\"wp-block-button is-style-primary\"><a class=\"wp-block-button__link\" href=\"https:\/\/www.eoiestepa.es\/?page_id=1804\">BECAS Y AYUDAS<\/a><\/div>\n<\/div>\n<\/div>\n\n\n\n<div class=\"wp-block-column is-layout-flow wp-block-column-is-layout-flow\">\n<figure class=\"wp-block-image size-large\"><a href=\"https:\/\/www.eoiestepa.es\/?page_id=12\"><img loading=\"lazy\" decoding=\"async\" width=\"600\" height=\"720\" src=\"https:\/\/www.eoiestepa.es\/wp-content\/uploads\/2021\/03\/eoi_edificio.jpg\" alt=\"\" class=\"wp-image-2642\" srcset=\"https:\/\/www.eoiestepa.es\/wp-content\/uploads\/2021\/03\/eoi_edificio.jpg 600w, https:\/\/www.eoiestepa.es\/wp-content\/uploads\/2021\/03\/eoi_edificio-250x300.jpg 250w\" sizes=\"auto, (max-width: 600px) 100vw, 600px\" \/><\/a><\/figure>\n\n\n\n<p class=\"has-text-align-center\" style=\"font-size:18px\">No dudes en contactar con nosotros para plantearnos cualquier sugerencia o duda.<\/p>\n\n\n\n<div class=\"wp-block-buttons alignfull is-content-justification-center is-layout-flex wp-block-buttons-is-layout-flex\">\n<div class=\"wp-block-button is-style-primary\"><a class=\"wp-block-button__link\" href=\"https:\/\/www.eoiestepa.es\/?page_id=12\">contacto y ubicaci\u00f3n<\/a><\/div>\n<\/div>\n<\/div>\n<\/div>\n","protected":false},"excerpt":{"rendered":"<p>TASAS ACAD\u00c9MICAS\u00a0 Pincha aqu\u00ed para conocer las tasas acad\u00e9micas del a\u00f1o 2026 Devoluci\u00f3n de Tasas Acad\u00e9micas: La Devoluci\u00f3n de Tasas acad\u00e9micas se podr\u00e1 solicitar para los casos de obtenci\u00f3n de la Beca y por errores atribuidos a la administraci\u00f3n. Para solicitar la devoluci\u00f3n de tasas debe presentar la solicitud debidamente cumplimentada, adem\u00e1s de fotocopia del&hellip;&nbsp;<a href=\"https:\/\/www.eoiestepa.es\/?page_id=574\" class=\"\" rel=\"bookmark\">Leer m\u00e1s &raquo;<span class=\"screen-reader-text\">Tasas acad\u00e9micas<\/span><\/a><\/p>\n","protected":false},"author":4,"featured_media":0,"parent":0,"menu_order":0,"comment_status":"closed","ping_status":"open","template":"","meta":{"_acf_changed":false,"neve_meta_sidebar":"","neve_meta_container":"","neve_meta_enable_content_width":"","neve_meta_content_width":0,"neve_meta_title_alignment":"","neve_meta_author_avatar":"","neve_post_elements_order":"","neve_meta_disable_header":"","neve_meta_disable_footer":"","neve_meta_disable_title":"","footnotes":""},"class_list":["post-574","page","type-page","status-publish","hentry"],"acf":[],"post_mailing_queue_ids":[],"_links":{"self":[{"href":"https:\/\/www.eoiestepa.es\/index.php?rest_route=\/wp\/v2\/pages\/574","targetHints":{"allow":["GET"]}}],"collection":[{"href":"https:\/\/www.eoiestepa.es\/index.php?rest_route=\/wp\/v2\/pages"}],"about":[{"href":"https:\/\/www.eoiestepa.es\/index.php?rest_route=\/wp\/v2\/types\/page"}],"author":[{"embeddable":true,"href":"https:\/\/www.eoiestepa.es\/index.php?rest_route=\/wp\/v2\/users\/4"}],"replies":[{"embeddable":true,"href":"https:\/\/www.eoiestepa.es\/index.php?rest_route=%2Fwp%2Fv2%2Fcomments&post=574"}],"version-history":[{"count":21,"href":"https:\/\/www.eoiestepa.es\/index.php?rest_route=\/wp\/v2\/pages\/574\/revisions"}],"predecessor-version":[{"id":4455,"href":"https:\/\/www.eoiestepa.es\/index.php?rest_route=\/wp\/v2\/pages\/574\/revisions\/4455"}],"wp:attachment":[{"href":"https:\/\/www.eoiestepa.es\/index.php?rest_route=%2Fwp%2Fv2%2Fmedia&parent=574"}],"curies":[{"name":"wp","href":"https:\/\/api.w.org\/{rel}","templated":true}]}}