{"id":681,"date":"2014-05-06T19:46:11","date_gmt":"2014-05-06T18:46:11","guid":{"rendered":"http:\/\/www.eoiestepa.es\/?page_id=681"},"modified":"2026-04-30T19:05:49","modified_gmt":"2026-04-30T17:05:49","slug":"calendario-de-examenes-frances","status":"publish","type":"page","link":"https:\/\/www.eoiestepa.es\/?page_id=681","title":{"rendered":"Calendario de Ex\u00e1menes Franc\u00e9s convocatoria ordinaria de junio."},"content":{"rendered":"\n<p><a href=\"https:\/\/drive.google.com\/file\/d\/1Z8cL40aP-BjBwD0FX-Jfky28gUWXiRRV\/view?usp=sharing\">Consulta aqu\u00ed el calendario para las Pruebas de Certificaci\u00f3n (alumnado libre y oficial que haya confirmado participaci\u00f3n EN ABRIL)<\/a><\/p>\n\n\n\n<p><a href=\"https:\/\/drive.google.com\/file\/d\/1bZxblhsJJQDbgfOc9-tCItKqGttVYFJ7\/view?usp=sharing\">Consulta aqu\u00ed el calendario de la evaluaci\u00f3n final convocatoria ordinaria promoci\u00f3n (alumnado oficial).<\/a><\/p>\n\n\n\n<p><\/p>\n","protected":false},"excerpt":{"rendered":"<p>Consulta aqu\u00ed el calendario para las Pruebas de Certificaci\u00f3n (alumnado libre y oficial que haya confirmado participaci\u00f3n EN ABRIL) Consulta aqu\u00ed el calendario de la evaluaci\u00f3n final convocatoria ordinaria promoci\u00f3n (alumnado oficial).<\/p>\n","protected":false},"author":4,"featured_media":0,"parent":0,"menu_order":0,"comment_status":"closed","ping_status":"open","template":"","meta":{"_acf_changed":false,"neve_meta_sidebar":"","neve_meta_container":"","neve_meta_enable_content_width":"","neve_meta_content_width":0,"neve_meta_title_alignment":"","neve_meta_author_avatar":"","neve_post_elements_order":"","neve_meta_disable_header":"","neve_meta_disable_footer":"","neve_meta_disable_title":"","footnotes":""},"class_list":["post-681","page","type-page","status-publish","hentry"],"acf":[],"post_mailing_queue_ids":[],"_links":{"self":[{"href":"https:\/\/www.eoiestepa.es\/index.php?rest_route=\/wp\/v2\/pages\/681","targetHints":{"allow":["GET"]}}],"collection":[{"href":"https:\/\/www.eoiestepa.es\/index.php?rest_route=\/wp\/v2\/pages"}],"about":[{"href":"https:\/\/www.eoiestepa.es\/index.php?rest_route=\/wp\/v2\/types\/page"}],"author":[{"embeddable":true,"href":"https:\/\/www.eoiestepa.es\/index.php?rest_route=\/wp\/v2\/users\/4"}],"replies":[{"embeddable":true,"href":"https:\/\/www.eoiestepa.es\/index.php?rest_route=%2Fwp%2Fv2%2Fcomments&post=681"}],"version-history":[{"count":79,"href":"https:\/\/www.eoiestepa.es\/index.php?rest_route=\/wp\/v2\/pages\/681\/revisions"}],"predecessor-version":[{"id":4607,"href":"https:\/\/www.eoiestepa.es\/index.php?rest_route=\/wp\/v2\/pages\/681\/revisions\/4607"}],"wp:attachment":[{"href":"https:\/\/www.eoiestepa.es\/index.php?rest_route=%2Fwp%2Fv2%2Fmedia&parent=681"}],"curies":[{"name":"wp","href":"https:\/\/api.w.org\/{rel}","templated":true}]}}