{"id":83,"date":"2013-12-05T20:08:29","date_gmt":"2013-12-05T19:08:29","guid":{"rendered":"http:\/\/www.eoiestepa.es\/?page_id=83"},"modified":"2026-01-13T20:25:24","modified_gmt":"2026-01-13T18:25:24","slug":"programacion-ingles","status":"publish","type":"page","link":"https:\/\/www.eoiestepa.es\/?page_id=83","title":{"rendered":"Programaci\u00f3n Ingl\u00e9s"},"content":{"rendered":"<p><a href=\"https:\/\/drive.google.com\/file\/d\/1fgR2XESt3NCRGr0nVVCgcNIAE-nwPQT3\/view?usp=sharing\">Curso 1\u00ba Nivel B\u00e1sico 1 (A1)<\/a><\/p>\n<p>Curso 2\u00ba Nivel B\u00e1sico 2 (A2)<\/p>\n<p><a href=\"https:\/\/drive.google.com\/file\/d\/1W6750JEyLcIkRoGmgU4SwzEopPASaCyO\/view?usp=sharing\">Curso 3\u00ba Nivel Intermedio (B1)<\/a><\/p>\n<p><a href=\"https:\/\/drive.google.com\/file\/d\/16xZB9hWCnFlUdEXRmPYjK0wDODtVEg4Z\/view?usp=sharing\">Curso 4\u00ba Nivel Intermedio (B2.1)<\/a><\/p>\n<p><a href=\"https:\/\/drive.google.com\/file\/d\/1uRHqTe0U6YLrgQPYxJ26wblwow3SKM-Z\/view?usp=sharing\">Curso 5\u00ba Nivel Intermedio (B2.2)<\/a><\/p>\n<p><a href=\"https:\/\/drive.google.com\/file\/d\/1DWuDW0hDFTl6cS_-dtkqguz9awx58cgO\/view?usp=sharing\">Curso Nivel Avanzado (C1.1)<\/a><\/p>\n<p><a href=\"https:\/\/drive.google.com\/file\/d\/1ePRbuLRLPHqnTbAFpM3tTNmzq7n4ti2X\/view?usp=sharing\">Curso Nivel Avanzado (C1.2)<\/a><\/p>\n<p>Cursos de actualizaci\u00f3n y perfeccionamiento:<\/p>\n<p style=\"padding-left: 40px;\"><a href=\"https:\/\/drive.google.com\/file\/d\/1Ztt1dK3cLZsWSlUHVlS7MMIDEuMvB56Q\/view?usp=sharing\">Curso de ingl\u00e9s atenci\u00f3n al p\u00fablico nivel b\u00e1sico<\/a><\/p>\n<p style=\"padding-left: 40px;\">\u00a0<\/p>\n\n\n<div class=\"wp-block-columns is-layout-flex wp-container-core-columns-is-layout-1 wp-block-columns-is-layout-flex\">\n<div class=\"wp-block-column is-layout-flow wp-block-column-is-layout-flow\">\n<figure class=\"wp-block-image size-large\"><a href=\"https:\/\/www.eoiestepa.es\/?page_id=2\"><img loading=\"lazy\" decoding=\"async\" width=\"600\" height=\"720\" src=\"https:\/\/www.eoiestepa.es\/wp-content\/uploads\/2021\/04\/nuestra_eoi.jpg\" alt=\"\" class=\"wp-image-2897\" srcset=\"https:\/\/www.eoiestepa.es\/wp-content\/uploads\/2021\/04\/nuestra_eoi.jpg 600w, https:\/\/www.eoiestepa.es\/wp-content\/uploads\/2021\/04\/nuestra_eoi-250x300.jpg 250w\" sizes=\"auto, (max-width: 600px) 100vw, 600px\" \/><\/a><\/figure>\n\n\n\n<p class=\"has-text-align-center\" style=\"font-size:18px\">Te mostramos m\u00e1s sobre el Centro de referencia de la Sierra Sur de Sevilla<\/p>\n\n\n\n<div class=\"wp-block-buttons alignfull is-content-justification-center is-layout-flex wp-block-buttons-is-layout-flex\">\n<div class=\"wp-block-button is-style-primary\"><a class=\"wp-block-button__link\" href=\"https:\/\/www.eoiestepa.es\/?page_id=2\">NUESTRA EOI<\/a><\/div>\n<\/div>\n<\/div>\n\n\n\n<div class=\"wp-block-column is-layout-flow wp-block-column-is-layout-flow\">\n<figure class=\"wp-block-image size-large\"><a href=\"https:\/\/www.eoiestepa.es\/?page_id=63\"><img loading=\"lazy\" decoding=\"async\" width=\"600\" height=\"720\" src=\"https:\/\/www.eoiestepa.es\/wp-content\/uploads\/2021\/04\/secretaria.jpg\" alt=\"\" class=\"wp-image-2894\" srcset=\"https:\/\/www.eoiestepa.es\/wp-content\/uploads\/2021\/04\/secretaria.jpg 600w, https:\/\/www.eoiestepa.es\/wp-content\/uploads\/2021\/04\/secretaria-250x300.jpg 250w\" sizes=\"auto, (max-width: 600px) 100vw, 600px\" \/><\/a><\/figure>\n\n\n\n<p class=\"has-text-align-center\" style=\"font-size:18px\">Todo sobre los procedimientos administrativos de inter\u00e9s para nuestros usuarios.<\/p>\n\n\n\n<div class=\"wp-block-buttons alignfull is-content-justification-center is-layout-flex wp-block-buttons-is-layout-flex\">\n<div class=\"wp-block-button is-style-primary\"><a class=\"wp-block-button__link\" href=\"https:\/\/www.eoiestepa.es\/?page_id=63\">secretar\u00eda y cita previa<\/a><\/div>\n<\/div>\n<\/div>\n\n\n\n<div class=\"wp-block-column is-layout-flow wp-block-column-is-layout-flow\">\n<figure class=\"wp-block-image size-large\"><a href=\"https:\/\/www.eoiestepa.es\/?page_id=59\"><img loading=\"lazy\" decoding=\"async\" width=\"600\" height=\"720\" src=\"https:\/\/www.eoiestepa.es\/wp-content\/uploads\/2021\/04\/oferta_formativa.jpg\" alt=\"\" class=\"wp-image-2935\" srcset=\"https:\/\/www.eoiestepa.es\/wp-content\/uploads\/2021\/04\/oferta_formativa.jpg 600w, https:\/\/www.eoiestepa.es\/wp-content\/uploads\/2021\/04\/oferta_formativa-250x300.jpg 250w\" sizes=\"auto, (max-width: 600px) 100vw, 600px\" \/><\/a><\/figure>\n\n\n\n<p class=\"has-text-align-center\" style=\"font-size:18px\">Conoce c\u00f3mo se organizan las distintas ense\u00f1anzas que se ofertan desde la EOI de Estepa.<\/p>\n\n\n\n<div class=\"wp-block-buttons alignfull is-content-justification-center is-layout-flex wp-block-buttons-is-layout-flex\">\n<div class=\"wp-block-button is-style-primary\"><a class=\"wp-block-button__link\" href=\"https:\/\/www.eoiestepa.es\/?page_id=59\">OFERTA FORMATIVA<\/a><\/div>\n<\/div>\n<\/div>\n<\/div>\n","protected":false},"excerpt":{"rendered":"<p>Curso 1\u00ba Nivel B\u00e1sico 1 (A1) Curso 2\u00ba Nivel B\u00e1sico 2 (A2) Curso 3\u00ba Nivel Intermedio (B1) Curso 4\u00ba Nivel Intermedio (B2.1) Curso 5\u00ba Nivel Intermedio (B2.2) Curso Nivel Avanzado (C1.1) Curso Nivel Avanzado (C1.2) Cursos de actualizaci\u00f3n y perfeccionamiento: Curso de ingl\u00e9s atenci\u00f3n al p\u00fablico nivel b\u00e1sico \u00a0<\/p>\n","protected":false},"author":4,"featured_media":0,"parent":0,"menu_order":0,"comment_status":"closed","ping_status":"open","template":"","meta":{"_acf_changed":false,"neve_meta_sidebar":"","neve_meta_container":"","neve_meta_enable_content_width":"","neve_meta_content_width":0,"neve_meta_title_alignment":"","neve_meta_author_avatar":"","neve_post_elements_order":"","neve_meta_disable_header":"","neve_meta_disable_footer":"","neve_meta_disable_title":"","footnotes":""},"class_list":["post-83","page","type-page","status-publish","hentry"],"acf":[],"post_mailing_queue_ids":[],"_links":{"self":[{"href":"https:\/\/www.eoiestepa.es\/index.php?rest_route=\/wp\/v2\/pages\/83","targetHints":{"allow":["GET"]}}],"collection":[{"href":"https:\/\/www.eoiestepa.es\/index.php?rest_route=\/wp\/v2\/pages"}],"about":[{"href":"https:\/\/www.eoiestepa.es\/index.php?rest_route=\/wp\/v2\/types\/page"}],"author":[{"embeddable":true,"href":"https:\/\/www.eoiestepa.es\/index.php?rest_route=\/wp\/v2\/users\/4"}],"replies":[{"embeddable":true,"href":"https:\/\/www.eoiestepa.es\/index.php?rest_route=%2Fwp%2Fv2%2Fcomments&post=83"}],"version-history":[{"count":43,"href":"https:\/\/www.eoiestepa.es\/index.php?rest_route=\/wp\/v2\/pages\/83\/revisions"}],"predecessor-version":[{"id":4449,"href":"https:\/\/www.eoiestepa.es\/index.php?rest_route=\/wp\/v2\/pages\/83\/revisions\/4449"}],"wp:attachment":[{"href":"https:\/\/www.eoiestepa.es\/index.php?rest_route=%2Fwp%2Fv2%2Fmedia&parent=83"}],"curies":[{"name":"wp","href":"https:\/\/api.w.org\/{rel}","templated":true}]}}